{"id":3360,"date":"2022-07-21T13:05:49","date_gmt":"2022-07-21T13:05:49","guid":{"rendered":"http:\/\/demo1.wp.aturis.org\/?page_id=3360"},"modified":"2022-07-21T13:07:42","modified_gmt":"2022-07-21T13:07:42","slug":"3360-2","status":"publish","type":"page","link":"https:\/\/www.neustadt-waldbad.de\/?page_id=3360","title":{"rendered":"Impressum"},"content":{"rendered":"\n[et_pb_section fb_built=&#8220;1&#8243; theme_builder_area=&#8220;post_content&#8220; _builder_version=&#8220;4.17.4&#8243; _module_preset=&#8220;default&#8220;][et_pb_row _builder_version=&#8220;4.17.4&#8243; _module_preset=&#8220;default&#8220; theme_builder_area=&#8220;post_content&#8220;][et_pb_column _builder_version=&#8220;4.17.4&#8243; _module_preset=&#8220;default&#8220; type=&#8220;4_4&#8243; theme_builder_area=&#8220;post_content&#8220;][et_pb_text _builder_version=&#8220;4.17.4&#8243; _module_preset=&#8220;default&#8220; theme_builder_area=&#8220;post_content&#8220; hover_enabled=&#8220;0&#8243; sticky_enabled=&#8220;0&#8243;]<h1 class=\"csc-firstHeader\">Impressum<\/h1>\n<p>&nbsp;<\/p>\n<h2>F\u00f6rderverein Waldbad e. V.\u00a0<\/h2>\n<p class=\"bodytext\">Vorsitzende: Anne Dumjahn<br \/>Burgstra\u00dfe 50<\/p>\n<p class=\"bodytext\"><b>99762 Neustadt<\/b><\/p>\n<p class=\"bodytext\">\n<p class=\"bodytext\">Verantwortlich f\u00fcr den Inhalt: Vorstand<\/p>\n<p class=\"bodytext\">\n<p class=\"bodytext\"><b>Die Website wurde erstellt durch:<\/b><\/p>\n<p class=\"bodytext\">ATURIS. Konzept ist Strategie.<br \/>Inhaber Sebastian Gerecke<\/p>\n<p>Bochumer Stra\u00dfe 22<br \/>99734 Nordhausen<\/p>\n<p>Telefon: +49 (0)3631\/4748-00<br \/>Freefon: +49 (0)8000\/4748-00<br \/>Telefax: +49 (0)3631\/4748-01<\/p>\n<p>E-Mail:<span>\u00a0<\/span><a>info(at)aturis.com<\/a><br \/>Website:<span>\u00a0<\/span><a href=\"http:\/\/www.aturis.com\/\" target=\"_blank\" rel=\"noopener\">www.aturis.com<\/a><\/p>\n<h2>Rechtliche Hinweise<\/h2>\n<p class=\"bodytext\">Alle Rechte vorbehalten. Inhalt und Struktur der Website sind urheberrechtlich gesch\u00fctzt. Die Vervielf\u00e4ltigung s\u00e4mtlicher Inhalte und Strukturelemente, insbesondere Texte, Textteile, Bildmaterial, Grafiken und Designelemente, soweit sie schutzf\u00e4hig im Sinne des deutschen Urheberrechts sind, zu anderem als zum privaten oder sonstigen eigenen Gebrauch sowie deren Verbreitung und Ver\u00f6ffentlichung bedarf der vorherigen schriftlichen Zustimmung durch uns.<\/p>\n<p class=\"bodytext\">Wir pr\u00fcfen und aktualisieren die Inhalte auf dieser Website regelm\u00e4\u00dfig. Trotz aller Sorgfalt k\u00f6nnen sich inzwischen \u00c4nderungen ergeben haben. Eine Garantie oder sonstige Haftung f\u00fcr Aktualit\u00e4t und Vollst\u00e4ndigkeit der zur Verf\u00fcgung gestellten Inhalte kann daher nicht \u00fcbernommen werden.<\/p>\n<p>Gleiches gilt auch f\u00fcr alle externen Websites, auf die mittels Hyperlinks aus unserem Angebot verwiesen wird.<\/p>\n<p>Wir sind f\u00fcr die Inhalte externer Websites, die der Nutzer durch Aktivierung eines solchen Links erreicht, nicht verantwortlich.<\/p>\n<p>Downloads erfolgen auf eigene Gefahr. Wir k\u00f6nnen keine Gew\u00e4hr f\u00fcr den Erfolg der Downloads sowie die Funktionsf\u00e4higkeit downgeloadeter Produkte auf Ihrem System \u00fcbernehmen. Bei Problemen wenden Sie sich bitte an<span>\u00a0<\/span><a>info(at)neustadt-waldbad.de<\/a>.<\/p>\n<p>S\u00e4mtliche Downloads werden von uns einer Virenpr\u00fcfung unterzogen. Wir haften f\u00fcr Sch\u00e4den und Beeintr\u00e4chtigungen, insbesondere durch Computerviren, nur im Falle von Vorsatz und grober Fahrl\u00e4ssigkeit. Dies gilt auch f\u00fcr Folgesch\u00e4den, wie z.B. Datenverlust.<\/p>\n<p>Downloads berechtigen nur zum privaten oder sonstigen eigenen Gebrauch der zum Download angebotenen Produkte und Dokumente sowie davon hergestellter Vervielf\u00e4ltigungsst\u00fccke. Eine dar\u00fcber hinausgehende Nutzung bedarf der vorherigen schriftlichen Genehmigung durch uns.<\/p>[\/et_pb_text][\/et_pb_column][\/et_pb_row][\/et_pb_section]\n","protected":false},"excerpt":{"rendered":"<p>Impressum &nbsp; F\u00f6rderverein Waldbad e. V.\u00a0 Vorsitzende: Anne DumjahnBurgstra\u00dfe 50 99762 Neustadt Verantwortlich f\u00fcr den Inhalt: Vorstand Die Website wurde erstellt durch: ATURIS. Konzept ist Strategie.Inhaber Sebastian Gerecke Bochumer Stra\u00dfe 2299734 Nordhausen Telefon: +49 (0)3631\/4748-00Freefon: +49 (0)8000\/4748-00Telefax: +49 (0)3631\/4748-01 E-Mail:\u00a0info(at)aturis.comWebsite:\u00a0www.aturis.com Rechtliche Hinweise Alle Rechte vorbehalten. Inhalt und Struktur der Website sind urheberrechtlich gesch\u00fctzt. Die Vervielf\u00e4ltigung [&hellip;]<\/p>\n","protected":false},"author":2,"featured_media":0,"parent":0,"menu_order":0,"comment_status":"closed","ping_status":"closed","template":"","meta":{"_et_pb_use_builder":"on","_et_pb_old_content":"","_et_gb_content_width":""},"_links":{"self":[{"href":"https:\/\/www.neustadt-waldbad.de\/index.php?rest_route=\/wp\/v2\/pages\/3360"}],"collection":[{"href":"https:\/\/www.neustadt-waldbad.de\/index.php?rest_route=\/wp\/v2\/pages"}],"about":[{"href":"https:\/\/www.neustadt-waldbad.de\/index.php?rest_route=\/wp\/v2\/types\/page"}],"author":[{"embeddable":true,"href":"https:\/\/www.neustadt-waldbad.de\/index.php?rest_route=\/wp\/v2\/users\/2"}],"replies":[{"embeddable":true,"href":"https:\/\/www.neustadt-waldbad.de\/index.php?rest_route=%2Fwp%2Fv2%2Fcomments&post=3360"}],"version-history":[{"count":3,"href":"https:\/\/www.neustadt-waldbad.de\/index.php?rest_route=\/wp\/v2\/pages\/3360\/revisions"}],"predecessor-version":[{"id":3365,"href":"https:\/\/www.neustadt-waldbad.de\/index.php?rest_route=\/wp\/v2\/pages\/3360\/revisions\/3365"}],"wp:attachment":[{"href":"https:\/\/www.neustadt-waldbad.de\/index.php?rest_route=%2Fwp%2Fv2%2Fmedia&parent=3360"}],"curies":[{"name":"wp","href":"https:\/\/api.w.org\/{rel}","templated":true}]}}