{"id":161,"date":"2021-10-26T06:27:57","date_gmt":"2021-10-26T06:27:57","guid":{"rendered":"http:\/\/demo1.wp.aturis.org\/?page_id=161"},"modified":"2022-07-12T08:31:03","modified_gmt":"2022-07-12T08:31:03","slug":"chronik-von-h-mund","status":"publish","type":"page","link":"https:\/\/www.neustadt-waldbad.de\/?page_id=161","title":{"rendered":"Chronik von H. Mund"},"content":{"rendered":"<p>[et_pb_section fb_built=&#8220;1&#8243; _builder_version=&#8220;4.17.3&#8243; _module_preset=&#8220;default&#8220; global_colors_info=&#8220;{}&#8220;][et_pb_row column_structure=&#8220;1_2,1_2&#8243; _builder_version=&#8220;4.17.3&#8243; _module_preset=&#8220;default&#8220; global_colors_info=&#8220;{}&#8220;][et_pb_column type=&#8220;1_2&#8243; _builder_version=&#8220;4.17.3&#8243; _module_preset=&#8220;default&#8220; global_colors_info=&#8220;{}&#8220;][et_pb_text _builder_version=&#8220;4.17.3&#8243; _module_preset=&#8220;default&#8220; global_colors_info=&#8220;{}&#8220;]<\/p>\n<h1 class=\"csc-firstHeader\">Chronik von Helmut Mund 15. Juni 1985<\/h1>\n<p><span>Verfasser: Helmut Mund<\/span><br \/><span>(ehemaliger Schwimmmeister)<\/span><\/p>\n<p><span>Die Bestrebungen in Neustadt ein Schwimmbad zu bauen gehen bis in die zwanziger Jahre zur\u00fcck. Dieses Vorhaben scheiterte aber entweder an dem Kostenaufwand oder an dem erforderlichen Platz. Es blieb daher den Gemeindev\u00e4tern der f\u00fcnfziger Jahre vorbehalten, den Langersehnten Wunsch der Jugend Wirklichkeit werden zu lassen. Nach dem man schon bei der Bodenreform eine geeignete Parzelle bereitstellte, schufen sich die Schulkinder im Jahr 1949 in einer Bodensenke an der Stelle des heutigen Schwimmbeckens durch die Umleitung des Hartbachs einen Badeteich. Das fr\u00f6hliche Treiben in diesem T\u00fcmpel und die herrliche Lage gaben dem geplanten Schwimmbadbau den letzten Ansto\u00df.<\/span><\/p>\n<p>[\/et_pb_text][\/et_pb_column][et_pb_column type=&#8220;1_2&#8243; _builder_version=&#8220;4.17.3&#8243; _module_preset=&#8220;default&#8220; global_colors_info=&#8220;{}&#8220;][et_pb_image src=&#8220;https:\/\/www.neustadt-waldbad.de\/wp-content\/uploads\/2022\/05\/HelmutMund.jpg&#8220; title_text=&#8220;HelmutMund&#8220; show_in_lightbox=&#8220;on&#8220; _builder_version=&#8220;4.17.3&#8243; _module_preset=&#8220;default&#8220; global_colors_info=&#8220;{}&#8220;][\/et_pb_image][\/et_pb_column][\/et_pb_row][et_pb_row _builder_version=&#8220;4.17.3&#8243; _module_preset=&#8220;default&#8220; custom_margin=&#8220;0px||||false|false&#8220; custom_padding=&#8220;0px||||false|false&#8220; global_colors_info=&#8220;{}&#8220;][et_pb_column type=&#8220;4_4&#8243; _builder_version=&#8220;4.17.3&#8243; _module_preset=&#8220;default&#8220; global_colors_info=&#8220;{}&#8220;][et_pb_text _builder_version=&#8220;4.17.4&#8243; _module_preset=&#8220;default&#8220; hover_enabled=&#8220;0&#8243; global_colors_info=&#8220;{}&#8220; sticky_enabled=&#8220;0&#8243;]<\/p>\n<p><span>Im Jahre 1953 vollzog B\u00fcrgermeister Fritz Deistung in Anwesenheit vieler Einwohner den ersten Spatenstich. Er war es auch, der beim Rat des Kreises Nordhausen die ersten entscheidenden finanziellen Mittel f\u00fcr die \u201eInstandsetzung eines vorhandenen Schwimmbades\u201c\u00a0 beantragte. Ein so genannter Aufbau-Bagger \u00fcbernahm die meisten Ausschachtarbeiten und die Firma Knackstedt aus Nordhausen wurde mit der Durchf\u00fchrung der Betonarbeiten beauftragt. Die ersten Schwierigkeiten\u00a0 ergaben sich bei der weiteren Beschaffung von Geld, weil man beim Rat des Kreises erkannt hatte, dass es sich nicht um eine Reparatur, sondern um den Neubau eines Bades handelte. Der n\u00e4chste gro\u00dfe R\u00fcckschlag kam im Jahre 1955, als eine der beiden fertig gestellten Betonl\u00e4ngsmauern, hervorgerufen durch einen Wolkenbruchartigen Regen und die schlechte Bauausf\u00fchrung der Firma Knackstedt, einst\u00fcrzte. Mit der weiteren Bauausf\u00fchrung wurde dann die Firma Krieger aus Nordhausen beauftragt, der die Betonarbeiten auch beendete. Im Fr\u00fchjahr 1958 wurden durch einheimische Zimmerleute und Tischler die Nebenanlagen errichtet und am 15.Juni 1958 konnte der B\u00fcrgermeister Deistung das Waldbad Neustadt im Rahmen eines gro\u00dfen Volksfestes er\u00f6ffnen.<\/span><br \/><span>Bald stellte sich heraus, dass das Bad nicht nur den Einwohnern Neustadt\u2019s dient, sondern von vielen B\u00fcrgern aus der Kreisstadt und anderen St\u00e4dten und Gemeinden besucht wird. Auch viele ausl\u00e4ndische Freunde und G\u00e4ste haben sich bisher in diesem Wasser get\u00fcmmelt.<\/span><\/p>\n<p><span>Mit der Er\u00f6ffnung wurden die Arbeiten am Bad nicht abgeschlossen:<\/span><\/p>\n<ul>\n<li>1959 wurden die ersten Gehsteigplatten am Beckenrand verlegt<\/li>\n<li>1960 wurde dieser Plattenumgang verbreitert, die B\u00f6schung zur Liegewiese planiert und ein Steingarten angelegt<\/li>\n<li>1961 wurde die elektrische Leitung verkabelt, das Kinderplanschbecken erbaut und Dreimetersprungbrett aufgestellt<\/li>\n<li>1964 konnte die Liegewiese erweitert und die Chloranlage angeschafft werden<\/li>\n<li>1966 wurde am Schwimmbecken ein zweiter \u00dcberlauf geschaffen<\/li>\n<li>1967 wurde der Kiosk aufgestellt und die Lautsprecheranlage installiert<\/li>\n<li>1968 wurde die Abwasserleitung vom Kiosk angelegt<\/li>\n<li>1969 der Kinderspielplatz durch Wippe, Schaukel und Kletterger\u00fcst erg\u00e4nzt<\/li>\n<li>1970 wurde die Wasserrutsche aufgestellt<\/li>\n<li>1973 wurde die Wasserversorgung durch die Schaffung einer neuen Pumpenstation verbessert<\/li>\n<li>1974 konnte eine sportgerechte Volleyballanlage geschaffen werden<\/li>\n<li>Durch den Neubau der Toilettenanlage konnten1975 die hygienischen Voraussetzungen mit einem Kostenaufwand von 40 TM verbessert werden<\/li>\n<li>1976 wurde der Kinderspielplatz durch ein Freiturnger\u00e4t erg\u00e4nzt<\/li>\n<li>Die Beschallungsanlage wurde 1977 erweitert und auf den neusten Stand gebracht<\/li>\n<li>1978 erfolgte der Anschluss der Hauswasserversorgung an die zentrale Wasserversorgung mit der Schaffung einer zweiten Pumpenstation. Im gleichen Jahr wurden die Verkehrswege zum Bad wesentlich verbessert<\/li>\n<\/ul>\n<p><span>Neustadt, den 19.09.1985<\/span><br \/><span>Helmut Mund, Schwimmmeister<\/span><\/p>\n<p class=\"bodytext\"><span style=\"color: #0000ff;\"><a href=\"https:\/\/www.neustadt-waldbad.de\/?p=2424\" class=\"internal-link\" style=\"color: #0000ff;\" target=\"_blank\" rel=\"noopener\">&#8230; Bilder<\/a><\/span><\/p>\n<p><span>F\u00fcr die Richtigkeit und den Inhalt ist ausschlie\u00dflich der Verfasser verantwortlich!<\/span><\/p>\n<p>[\/et_pb_text][\/et_pb_column][\/et_pb_row][\/et_pb_section]<\/p>\n","protected":false},"excerpt":{"rendered":"<p>Chronik von Helmut Mund 15. Juni 1985 Verfasser: Helmut Mund(ehemaliger Schwimmmeister) Die Bestrebungen in Neustadt ein Schwimmbad zu bauen gehen bis in die zwanziger Jahre zur\u00fcck. Dieses Vorhaben scheiterte aber entweder an dem Kostenaufwand oder an dem erforderlichen Platz. Es blieb daher den Gemeindev\u00e4tern der f\u00fcnfziger Jahre vorbehalten, den Langersehnten Wunsch der Jugend Wirklichkeit werden [&hellip;]<\/p>\n","protected":false},"author":2,"featured_media":0,"parent":0,"menu_order":0,"comment_status":"closed","ping_status":"closed","template":"","meta":{"_et_pb_use_builder":"on","_et_pb_old_content":"","_et_gb_content_width":""},"_links":{"self":[{"href":"https:\/\/www.neustadt-waldbad.de\/index.php?rest_route=\/wp\/v2\/pages\/161"}],"collection":[{"href":"https:\/\/www.neustadt-waldbad.de\/index.php?rest_route=\/wp\/v2\/pages"}],"about":[{"href":"https:\/\/www.neustadt-waldbad.de\/index.php?rest_route=\/wp\/v2\/types\/page"}],"author":[{"embeddable":true,"href":"https:\/\/www.neustadt-waldbad.de\/index.php?rest_route=\/wp\/v2\/users\/2"}],"replies":[{"embeddable":true,"href":"https:\/\/www.neustadt-waldbad.de\/index.php?rest_route=%2Fwp%2Fv2%2Fcomments&post=161"}],"version-history":[{"count":6,"href":"https:\/\/www.neustadt-waldbad.de\/index.php?rest_route=\/wp\/v2\/pages\/161\/revisions"}],"predecessor-version":[{"id":3255,"href":"https:\/\/www.neustadt-waldbad.de\/index.php?rest_route=\/wp\/v2\/pages\/161\/revisions\/3255"}],"wp:attachment":[{"href":"https:\/\/www.neustadt-waldbad.de\/index.php?rest_route=%2Fwp%2Fv2%2Fmedia&parent=161"}],"curies":[{"name":"wp","href":"https:\/\/api.w.org\/{rel}","templated":true}]}}