{"id":155,"date":"2021-10-26T06:13:55","date_gmt":"2021-10-26T06:13:55","guid":{"rendered":"http:\/\/demo1.wp.aturis.org\/?page_id=155"},"modified":"2023-06-13T09:44:57","modified_gmt":"2023-06-13T09:44:57","slug":"satzung","status":"publish","type":"page","link":"https:\/\/www.neustadt-waldbad.de\/?page_id=155","title":{"rendered":"Satzung"},"content":{"rendered":"<p>[et_pb_section fb_built=&#8220;1&#8243; _builder_version=&#8220;4.17.3&#8243; _module_preset=&#8220;default&#8220; global_colors_info=&#8220;{}&#8220;][et_pb_row _builder_version=&#8220;4.17.3&#8243; _module_preset=&#8220;default&#8220; global_colors_info=&#8220;{}&#8220;][et_pb_column type=&#8220;4_4&#8243; _builder_version=&#8220;4.17.3&#8243; _module_preset=&#8220;default&#8220; global_colors_info=&#8220;{}&#8220;][et_pb_text _builder_version=&#8220;4.17.4&#8243; _module_preset=&#8220;default&#8220; hover_enabled=&#8220;0&#8243; global_colors_info=&#8220;{}&#8220; sticky_enabled=&#8220;0&#8243;]<\/p>\n<h1>Satzung<\/h1>\n<h2 class=\"align-center\" style=\"text-align: center;\"><b>Satzung, 2. \u00c4nderung<\/b><\/h2>\n<h2 class=\"align-justify align-center\" style=\"text-align: center;\"><b>\u00a0 \u00a0 \u00a0des F\u00f6rdervereins \u201eWaldbad Neustadt\u201c e.V.<\/b><\/h2>\n<div class=\"indent\">\n<p class=\"align-justify align-center\"><b><\/b><\/p>\n<\/div>\n<p class=\"bodytext\">Inhalt:<br \/>\u00a7 1 Name, Rechtsstellung, Sitz und Gesch\u00e4ftsjahr<br \/>\u00a7 2 Aufgaben und Zweck<br \/>\u00a7 3 Mittel des Vereins<br \/>\u00a7 4 Mitgliedschaft im Verein<br \/>\u00a7 5 Rechte und Pflichten der Mitglieder<br \/>\u00a7 6 Erstattung von Aufwendungen<br \/>\u00a7 7 Organe des F\u00f6rdervereins<br \/>\u00a7 8 Mitgliederversammlung<br \/>\u00a7 9 Stimmrecht, Abstimmung<br \/>\u00a7 10 Vorstand<br \/>\u00a7 11 Vorstand i.S.d. \u00a7 26 BGB<br \/>\u00a7 12 Verm\u00f6gens\u00fcbertragung nach Aufl\u00f6sung<br \/>Neustadt, 28.01.2017<\/p>\n<p class=\"align-center\" style=\"text-align: center;\"><b>\u00a7 1<\/b><\/p>\n<p class=\"align-center\" style=\"text-align: center;\"><b>Name, Rechtsstellung, Sitz und Gesch\u00e4ftsjahr<\/b><\/p>\n<p class=\"align-center\"><b><\/b><\/p>\n<p class=\"align-center\"><b><\/b><\/p>\n<p class=\"bodytext\">(1) Unter dem Namen F\u00f6rderverein \u201eWaldbad Neustadt\u201c e.V. haben sich Freunde und F\u00f6rderer des Waldbades Neustadt zu einem Verein zusammengeschlossen.<br \/>(2) Der Verein soll in das Vereinsregister eingetragen werden.<br \/>(3) Der Verein hat seinen Sitz in Neustadt.<br \/>(4) Das Gesch\u00e4ftsjahr l\u00e4uft vom 01.01. bis 31.12. eines jeden Jahres.<\/p>\n<p class=\"align-center\" style=\"text-align: center;\"><b>\u00a7 2<\/b><\/p>\n<p class=\"align-center\" style=\"text-align: center;\"><b>Aufgaben und Zweck<\/b><\/p>\n<p class=\"bodytext\">(1)\u00a0 Der F\u00f6rderverein \u201eWaldbad Neustadt\u201c e.V. ist parteipolitisch und konfessionell nicht gebunden. Er verfolgt ausschlie\u00dflich und unmittelbar gemeinn\u00fctzige Zwecke im Sinne des Abschnitts \u201eSteuerbeg\u00fcnstigte Zwecke der Abgabenordnung\u201c.<\/p>\n<p class=\"bodytext\">(2)\u00a0 Zweck des Vereins ist es, zur allgemeinen Gesundheitspflege der Bev\u00f6lkerung, Freizeitangebote f\u00fcr Kinder und Jugendliche in der Gemeinde Neustadt zu schaffen und zu erhalten sowie sich f\u00fcr familienfreundliche Aktivit\u00e4ten in der Gemeinde einzusetzen. Dabei soll die Erhaltung, Sanierung, Ausstattung, Pflege und Betreibung des Waldbades Neustadt aktiv und finanziell zu unterst\u00fctzen.<br \/>Der Satzungszweck wird insbesondere verwirklicht durch die Beschaffung von Mitteln f\u00fcr die Erhaltung und Betreibung des Waldbades Neustadt durch die Gemeinde Neustadt.<\/p>\n<p class=\"bodytext\">(3)\u00a0 Die von den Mitgliedern und von Freunden und F\u00f6rderern zu diesem Zweck zur Verf\u00fcgung gestellten Mittel sind vom F\u00f6rderverein im Interesse der kinder- und familienfreundlichen Ausstattung, Erhaltung und der Pflege des Waldbades zu verwenden.<br \/>Antr\u00e4ge auf Zuwendungen des Vereins an die Gemeinde Neustadt, als Eigent\u00fcmer des Waldbades, sollen von dem B\u00fcrgermeister der Gemeinde Neustadt, dem Gemeinderat oder der Verwaltungsgemeinschaft \u201eHohnstein \/ S\u00fcdharz\u201c Harztor an den Vorstand des F\u00f6rdervereins gestellt werden.<\/p>\n<p class=\"bodytext\">(4) Soweit Verm\u00f6gensgegenst\u00e4nde angeschafft werden, bleiben sie stets Eigentum des F\u00f6rdervereins. Sie werden der Gemeinde Neustadt als Eigent\u00fcmer des Waldbades unentgeltlich zur Verf\u00fcgung gestellt.<\/p>\n<p class=\"bodytext\">(5) Die aktive Unterst\u00fctzung der Gemeinde durch den F\u00f6rderverein erfolgt durch personelle Hilfe und das Erbringen von Arbeitsleistungen bei der Pflege und Instanthaltung sowie durch personelle Hilfe bei der Betreibung des Waldbades.<\/p>\n<p class=\"align-center\" style=\"text-align: center;\"><b>\u00a7 3<\/b><\/p>\n<p class=\"align-center\" style=\"text-align: center;\"><b>Mittel des Vereins<\/b><\/p>\n<p class=\"bodytext\" style=\"text-align: left;\">(1) Die Mittel zur Erf\u00fcllung seiner Aufgaben erh\u00e4lt der Verein durch:<br \/>a) Geld- und Sachspenden<br \/>b) Ertr\u00e4ge aus Einrichtungen und Sammlungen<br \/>c) Mitgliedsbeitr\u00e4gen<br \/>(2) Diese Mittel des Vereins d\u00fcrfen nur zu satzungsm\u00e4\u00dfigen Zwecken verwendet werden.<br \/>(3) Der Verein ist selbstlos t\u00e4tig und verfolgt nicht in erster Linie eigenwirtschaftliche Zwecke. Die Mitglieder des Vereins erhalten keine Gewinnanteile und in ihrer Eigenschaft als Mitglied keine Zuwendungen aus Mitteln des Vereins.<br \/>(4) Es darf keine Person durch Ausgaben, die dem Zweck der K\u00f6rperschaft fremd sind oder durch unverh\u00e4ltnism\u00e4\u00dfig hohe Verg\u00fctungen beg\u00fcnstigt werden.<\/p>\n<p class=\"align-center\" style=\"text-align: center;\"><b>\u00a7 4<\/b><\/p>\n<p class=\"align-center\" style=\"text-align: center;\"><b>Mitgliedschaft<\/b><\/p>\n<p class=\"bodytext\">(1) Die Mitgliedschaft kann durch jedermann (nat\u00fcrliche und juristische Personen) beantragt werden. \u00dcber die Aufnahme entscheidet der Vorstand. Eine Mitgliedschaft anderer Vereine ist m\u00f6glich.<br \/>(2) Der Antrag auf Aufnahme wird durch eine Beitrittserkl\u00e4rung gestellt.<br \/>Die Beitrittserkl\u00e4rung lautet:<br \/>\u201eIch\/Wir erkl\u00e4re(n) hierdurch meinen\/unseren Eintritt in den F\u00f6rderverein<br \/>\u201eWaldbad Neustadt\u201c e.V. und erkennen die Satzung des Vereins an.\u201c<\/p>\n<p class=\"bodytext\">Ort, Datum\u00a0\u00a0\u00a0 \u00a0\u00a0\u00a0 \u00a0\u00a0\u00a0 \u00a0\u00a0\u00a0 \u00a0\u00a0\u00a0 \u00a0\u00a0\u00a0 \u00a0\u00a0\u00a0 \u00a0\u00a0\u00a0 Unterschrift<\/p>\n<p class=\"bodytext\">(3) Jedes Mitglied kann jederzeit den F\u00f6rderverein wieder verlassen. Die Austrittserkl\u00e4rung muss schriftlich gegen\u00fcber dem Vorstand erfolgen. Die Mitgliedschaft endet mit Ablauf des Monats, der auf den Monat folgt, in dem die Austrittserkl\u00e4rung dem Vorstand bzw. seinem Vorsitzenden zugegangen ist.<\/p>\n<p class=\"bodytext\">(4) Sch\u00e4digt ein Mitglied den Zweck und die Interessen des F\u00f6rdervereins oder kommt seinen Verpflichtungen nicht nach, so kann die Mitgliederversammlung den Ausschluss eines Mitgliedes beschlie\u00dfen. Der Antrag muss diesbez\u00fcglich auf der Tagesordnung stehen. Der Beschluss zum Ausschluss bedarf einer Dreiviertelmehrheit der abgegebenen Stimmen.<\/p>\n<p class=\"align-center\" style=\"text-align: center;\"><b>\u00a7 5<\/b><\/p>\n<p class=\"align-center\" style=\"text-align: center;\"><b>Rechte und Pflichten der Mitglieder<\/b><\/p>\n<p class=\"bodytext\">Die Mitgliedschaft im F\u00f6rderverein verpflichtet zur Zahlung des Beitrages in Form einer Geldleistung.<\/p>\n<p class=\"align-center\" style=\"text-align: center;\"><b>\u00a7 6<\/b><\/p>\n<p class=\"align-center\" style=\"text-align: center;\"><b>Erstattung von Aufwendungen<\/b><\/p>\n<p class=\"bodytext\">(1) Der Verein ist grunds\u00e4tzlich bereit, allen Vereinsmitgliedern Aufwendungen im Zusammenhang mit ihrer T\u00e4tigkeit im Verein bzw. zugunsten des Vereins (Fahrtkosten, Telefonkosten, Porto u.\u00e4.) zu erstatten. Fahrtkosten werden mit dem z.Z. steuerlich relevanten Verg\u00fctungssatz angerechnet.<br \/>(2) Der \/ Die jeweilige Vereinsvorsitzende, dessen \/ deren Hauptwohnsitz \u2013 wenn kein anderer Sitz des Vereinsb\u00fcros benannt wurde \u2013 gleichzeitig Sitz des Vereins ist, werden zudem, gegen entsprechenden Nachweis der angefallenen Kosten (Miet- und Nebenkosten) des Vereinssitzes, die anteiligen Aufwendungen f\u00fcr die Nutzung eines Arbeitszimmers f\u00fcr Vereinszwecke angerechnet.<\/p>\n<p class=\"align-center\" style=\"text-align: center;\"><b>\u00a7 7<\/b><\/p>\n<p class=\"align-center\" style=\"text-align: center;\"><b>Organe des F\u00f6rdervereins\u00a0\u00a0\u00a0<\/b><\/p>\n<p class=\"bodytext\">Organe des F\u00f6rdervereins \u201eWaldbad Neustadt\u201c e.V. sind:<br \/>1. die Mitgliederversammlung<br \/>2. der Vorstand<\/p>\n<p class=\"align-center\" style=\"text-align: center;\"><b>\u00a7 8<\/b><\/p>\n<p class=\"align-center\" style=\"text-align: center;\"><b>Mitgliederversammlung<\/b><\/p>\n<p class=\"bodytext\" style=\"text-align: left;\">(1) Einmal j\u00e4hrlich ist eine ordentliche Jahresversammlung abzuhalten, in welcher der Vorstand der Mitgliederversammlung \u00fcber die Aktivit\u00e4ten des Vereins im vergangenen Jahr Bericht erstattet. Die ordentliche Jahresversammlung soll im ersten Quartal des Jahres<br \/>abgehalten werden.<br \/>(2) Die ordentliche Jahresversammlung hat insbesondere<br \/>a) den T\u00e4tigkeitsbericht des Vorsitzenden f\u00fcr das abgelaufene Gesch\u00e4ftsjahr zu genehmigen;<br \/>b) den Vorstand zu entlasten;<br \/>c) Wahlen vorzunehmen;<br \/>d) Besondere Aussch\u00fcsse zur Bearbeitung bestimmter Aufgaben zu bilden und zu besetzen;<br \/>e) Rechnungspr\u00fcfer zu w\u00e4hlen.<br \/>(3) Zur Zust\u00e4ndigkeit von Mitgliederversammlungen geh\u00f6rt ferner die Beschlussfassung \u00fcber:<br \/>1) Ausschluss von Mitgliedern<br \/>2) Satzungs\u00e4nderungen<br \/>3) Aufl\u00f6sung und Liquidation des F\u00f6rdervereins.<br \/>(4) Die Einberufung der Mitgliederversammlung erfolgt durch den 1. Vorsitzenden des F\u00f6rdervereins. Sie muss erfolgen, wenn ein Drittel der Mitglieder des F\u00f6rdervereins die Einberufung einer Mitgliederversammlung schriftlich beantragt.<br \/>(5) Alle Mitglieder sind schriftlich zu den Mitgliederversammlungen unter Mitteilung der Tagesordnung einzuladen. Zwischen Bekanntgabe der Einladung und dem Sitzungstag soll bei einer ordentlichen Mitgliederversammlung ein Zeitraum von mindestens zwei Wochen liegen.<br \/>(6) Au\u00dferordentliche Mitgliederversammlungen k\u00f6nnen mit k\u00fcrzerer Frist, jedoch nicht unter einer Woche, einberufen werden.<br \/>(7) Alle Beschl\u00fcsse der Mitgliederversammlung sind vom Schriftf\u00fchrer zu protokollieren und von ihm und dem 1. Vorsitzenden zu unterzeichnen.<\/p>\n<p class=\"align-center\" style=\"text-align: center;\"><b>\u00a7 9<\/b><\/p>\n<p class=\"align-center\" style=\"text-align: center;\"><b>Stimmrecht, Abstimmung<\/b><\/p>\n<p class=\"bodytext\">(1) Jedes Mitglied hat nur eine Stimme. Aufgrund einer schriftlichen Vollmacht kann ein Mitglied sich durch ein anderes Mitglied vertreten lassen.<br \/>(2) Mitgliederversammlungen sind ohne R\u00fccksicht auf die Zahl der anwesenden Mitglieder beschlussf\u00e4hig. Beschl\u00fcsse \u00fcber \u00c4nderungen des<br \/>Vereinszweckes, \u00c4nderungen im Vorstand oder \u00c4nderungen der Satzung, die nicht auf der Tagesordnung stehen, sind nur zul\u00e4ssig, wenn mindestens dreiviertel der anwesenden Mitglieder zustimmen.<br \/>(3) Beschl\u00fcsse werden mit einfacher Stimmenmehrheit gefasst. Der Beschluss \u00fcber die Aufl\u00f6sung des F\u00f6rdervereins bedarf einer Mehrheit von dreiviertel der anwesenden Mitglieder. Er muss den Mitgliedern durch Zustellung der Tagesordnung bei der Einladung bekannt gemacht werden.<\/p>\n<p class=\"align-center\" style=\"text-align: center;\"><b>\u00a710<\/b><\/p>\n<p class=\"align-center\" style=\"text-align: center;\"><b>Vorstand<\/b><\/p>\n<p>(1) Der Vorstand besteht aus mindestens f\u00fcnf Mitgliedern. Er wird in der ordentlichen Jahreshauptversammlung jeweils f\u00fcr 4 Jahre gew\u00e4hlt. Die Wiederwahl ist zul\u00e4ssig. Bis zur Neuwahl \u00fcben die Vorstandsmitglieder ihr Amt weiter aus.<br \/>(2) Der Vorstand besteht aus dem 1. Vorsitzenden, seinem Stellvertreter, dem Schriftf\u00fchrer, mindestens einem und h\u00f6chstens drei Beisitzern und dem Kassenwart. Es ist auf ein ausgewogenes Verh\u00e4ltnis zwischen den Geschlechtern zu achten.<br \/>(3) Die Mitgliederversammlung w\u00e4hlt aus den gew\u00e4hlten Vorstandsmitgliedern den Vorsitzenden und seinen Stellvertreter.<br \/>(4) Der Vorstand tritt nach Bedarf zusammen. Er muss dann einberufen werden, wenn mindestens zwei Vorstandsmitglieder es beantragen.<br \/>(5) Die T\u00e4tigkeit des Vorstandes ist ehrenamtlich.<br \/>(6) Der Beschlussfassung des Vorstandes unterliegen alle Fragen, soweit sie nicht ausdr\u00fccklich der Mitgliederversammlung des F\u00f6rdervereins vorbehalten sind.<br \/>(7) Der Vorstand ist beschlussf\u00e4hig, wenn mindestens drei Vorstandsmitglieder vertreten sind. Er fasst also Beschl\u00fcsse mit einfacher Stimmenmehrheit.<br \/>(8) Zur Unterst\u00fctzung seiner Arbeit kann der Vorstand andere Mitglieder beratend hinzuziehen.<\/p>\n<p class=\"align-center\" style=\"text-align: center;\"><b>\u00a7 11<\/b><\/p>\n<p class=\"align-center\" style=\"text-align: center;\"><b>Vorstand i.S.d. \u00a7 26 BGB\u00a0<\/b><\/p>\n<p class=\"bodytext\">Vertretungsberechtigt sind der Vorsitzende allein oder sein Stellvertreter mit einem weiteren Vorstandsmitglied. Sie vertreten den Verein gerichtlich und au\u00dfergerichtlich.<\/p>\n<p class=\"align-center\" style=\"text-align: center;\"><b>\u00a7 12<\/b><\/p>\n<p class=\"align-center\" style=\"text-align: center;\"><b>Verm\u00f6gens\u00fcbertragung bei Aufl\u00f6sung\u00a0<\/b><\/p>\n<p class=\"bodytext\">Bei Aufl\u00f6sung des Vereins oder bei Wegfall steuerbeg\u00fcnstigter Zwecke f\u00e4llt das Verm\u00f6gen des F\u00f6rdervereins \u201eWaldbad Neustadt e.V.\u201c an die<br \/>Gemeinde Neustadt, die es unmittelbar und ausschlie\u00dflich kinder- und familienfreundlichen f\u00fcr die Ausstattung sowie zur Erhaltung und Unterhaltung des Waldbades Neustadt zu verwenden hat.<\/p>\n<p class=\"align-center\" style=\"text-align: center;\"><b>\u00a7 13<\/b><\/p>\n<p class=\"align-center\" style=\"text-align: center;\"><b>Inkrafttreten\u00a0<\/b><\/p>\n<p class=\"bodytext\">Diese Satzung wurde auf der Mitgliederversammlung beschlossen. Sie tritt mit der Eintragung in das Vereinsregister beim Amtsgericht Nordhausen in Kraft. Die ge\u00e4nderte Satzung wurde auf der Mitgliederversammlung am 28.01.2017 beschlossen.<\/p>\n<p class=\"align-center\" style=\"text-align: center;\">Neustadt, 28.01.2017<\/p>\n<p>[\/et_pb_text][\/et_pb_column][\/et_pb_row][\/et_pb_section]<\/p>\n","protected":false},"excerpt":{"rendered":"<p>Satzung Satzung, 2. \u00c4nderung \u00a0 \u00a0 \u00a0des F\u00f6rdervereins \u201eWaldbad Neustadt\u201c e.V. Inhalt:\u00a7 1 Name, Rechtsstellung, Sitz und Gesch\u00e4ftsjahr\u00a7 2 Aufgaben und Zweck\u00a7 3 Mittel des Vereins\u00a7 4 Mitgliedschaft im Verein\u00a7 5 Rechte und Pflichten der Mitglieder\u00a7 6 Erstattung von Aufwendungen\u00a7 7 Organe des F\u00f6rdervereins\u00a7 8 Mitgliederversammlung\u00a7 9 Stimmrecht, Abstimmung\u00a7 10 Vorstand\u00a7 11 Vorstand i.S.d. \u00a7 [&hellip;]<\/p>\n","protected":false},"author":2,"featured_media":0,"parent":0,"menu_order":0,"comment_status":"closed","ping_status":"closed","template":"","meta":{"_et_pb_use_builder":"on","_et_pb_old_content":"","_et_gb_content_width":""},"_links":{"self":[{"href":"https:\/\/www.neustadt-waldbad.de\/index.php?rest_route=\/wp\/v2\/pages\/155"}],"collection":[{"href":"https:\/\/www.neustadt-waldbad.de\/index.php?rest_route=\/wp\/v2\/pages"}],"about":[{"href":"https:\/\/www.neustadt-waldbad.de\/index.php?rest_route=\/wp\/v2\/types\/page"}],"author":[{"embeddable":true,"href":"https:\/\/www.neustadt-waldbad.de\/index.php?rest_route=\/wp\/v2\/users\/2"}],"replies":[{"embeddable":true,"href":"https:\/\/www.neustadt-waldbad.de\/index.php?rest_route=%2Fwp%2Fv2%2Fcomments&post=155"}],"version-history":[{"count":6,"href":"https:\/\/www.neustadt-waldbad.de\/index.php?rest_route=\/wp\/v2\/pages\/155\/revisions"}],"predecessor-version":[{"id":3456,"href":"https:\/\/www.neustadt-waldbad.de\/index.php?rest_route=\/wp\/v2\/pages\/155\/revisions\/3456"}],"wp:attachment":[{"href":"https:\/\/www.neustadt-waldbad.de\/index.php?rest_route=%2Fwp%2Fv2%2Fmedia&parent=155"}],"curies":[{"name":"wp","href":"https:\/\/api.w.org\/{rel}","templated":true}]}}