{"id":153,"date":"2021-10-26T06:13:37","date_gmt":"2021-10-26T06:13:37","guid":{"rendered":"http:\/\/demo1.wp.aturis.org\/?page_id=153"},"modified":"2022-07-12T09:50:40","modified_gmt":"2022-07-12T09:50:40","slug":"mitglied-werden","status":"publish","type":"page","link":"https:\/\/www.neustadt-waldbad.de\/?page_id=153","title":{"rendered":"Mitglied werden"},"content":{"rendered":"<p>[et_pb_section fb_built=&#8220;1&#8243; theme_builder_area=&#8220;post_content&#8220; _builder_version=&#8220;4.17.4&#8243; _module_preset=&#8220;default&#8220;][et_pb_row _builder_version=&#8220;4.17.4&#8243; _module_preset=&#8220;default&#8220; theme_builder_area=&#8220;post_content&#8220;][et_pb_column _builder_version=&#8220;4.17.4&#8243; _module_preset=&#8220;default&#8220; type=&#8220;4_4&#8243; theme_builder_area=&#8220;post_content&#8220;][et_pb_text _builder_version=&#8220;4.17.4&#8243; _module_preset=&#8220;default&#8220; theme_builder_area=&#8220;post_content&#8220; hover_enabled=&#8220;0&#8243; sticky_enabled=&#8220;0&#8243;]<\/p>\n<h1>Mitglied werden<\/h1>\n<p class=\"bodytext\">Sch\u00f6n das Sie sich f\u00fcr eine Mitgliedschaft in unserem Verein interessieren. F\u00fcr nur 12,-\u20ac Erwachsene und 8,-\u20ac Sch\u00fcler\/Studenten oder 25,-\u20ac Familienbeitrag pro Jahr k\u00f6nnen Sie bei uns Mitglied werden.<\/p>\n<p>&nbsp;<\/p>\n<p class=\"bodytext\">Hier finden Sie unsere Beitrittserkl\u00e4rung zum Download in zwei verschiedenen Formaten.<\/p>\n<p class=\"bodytext\"><a href=\"https:\/\/www.neustadt-waldbad.de\/wp-content\/uploads\/2022\/07\/BEITRITTSERKLAERUNG.doc\" target=\"_blank\" rel=\"noopener\">Worddokument<\/a><br \/><a href=\"https:\/\/www.neustadt-waldbad.de\/wp-content\/uploads\/2022\/07\/BEITRITTSERKLAERUNG.pdf\" target=\"_blank\" rel=\"noopener\">PDF-Format<\/a><\/p>\n<p class=\"bodytext\">\n<h4 class=\"bodytext\"><strong>VIELEN DANK!<\/strong><\/h4>\n<p>[\/et_pb_text][\/et_pb_column][\/et_pb_row][\/et_pb_section]<\/p>\n","protected":false},"excerpt":{"rendered":"<p>Mitglied werden Sch\u00f6n das Sie sich f\u00fcr eine Mitgliedschaft in unserem Verein interessieren. F\u00fcr nur 12,-\u20ac Erwachsene und 8,-\u20ac Sch\u00fcler\/Studenten oder 25,-\u20ac Familienbeitrag pro Jahr k\u00f6nnen Sie bei uns Mitglied werden. &nbsp; Hier finden Sie unsere Beitrittserkl\u00e4rung zum Download in zwei verschiedenen Formaten. WorddokumentPDF-Format VIELEN DANK!<\/p>\n","protected":false},"author":2,"featured_media":0,"parent":0,"menu_order":0,"comment_status":"closed","ping_status":"closed","template":"","meta":{"_et_pb_use_builder":"on","_et_pb_old_content":"","_et_gb_content_width":""},"_links":{"self":[{"href":"https:\/\/www.neustadt-waldbad.de\/index.php?rest_route=\/wp\/v2\/pages\/153"}],"collection":[{"href":"https:\/\/www.neustadt-waldbad.de\/index.php?rest_route=\/wp\/v2\/pages"}],"about":[{"href":"https:\/\/www.neustadt-waldbad.de\/index.php?rest_route=\/wp\/v2\/types\/page"}],"author":[{"embeddable":true,"href":"https:\/\/www.neustadt-waldbad.de\/index.php?rest_route=\/wp\/v2\/users\/2"}],"replies":[{"embeddable":true,"href":"https:\/\/www.neustadt-waldbad.de\/index.php?rest_route=%2Fwp%2Fv2%2Fcomments&post=153"}],"version-history":[{"count":4,"href":"https:\/\/www.neustadt-waldbad.de\/index.php?rest_route=\/wp\/v2\/pages\/153\/revisions"}],"predecessor-version":[{"id":3269,"href":"https:\/\/www.neustadt-waldbad.de\/index.php?rest_route=\/wp\/v2\/pages\/153\/revisions\/3269"}],"wp:attachment":[{"href":"https:\/\/www.neustadt-waldbad.de\/index.php?rest_route=%2Fwp%2Fv2%2Fmedia&parent=153"}],"curies":[{"name":"wp","href":"https:\/\/api.w.org\/{rel}","templated":true}]}}