{"id":151,"date":"2021-10-26T06:13:12","date_gmt":"2021-10-26T06:13:12","guid":{"rendered":"http:\/\/demo1.wp.aturis.org\/?page_id=151"},"modified":"2022-07-12T13:48:38","modified_gmt":"2022-07-12T13:48:38","slug":"sponsoren","status":"publish","type":"page","link":"https:\/\/www.neustadt-waldbad.de\/?page_id=151","title":{"rendered":"Sponsoren"},"content":{"rendered":"<p>[et_pb_section fb_built=&#8220;1&#8243; theme_builder_area=&#8220;post_content&#8220; _builder_version=&#8220;4.17.4&#8243; _module_preset=&#8220;default&#8220;][et_pb_row _builder_version=&#8220;4.17.4&#8243; _module_preset=&#8220;default&#8220; theme_builder_area=&#8220;post_content&#8220;][et_pb_column _builder_version=&#8220;4.17.4&#8243; _module_preset=&#8220;default&#8220; type=&#8220;4_4&#8243; theme_builder_area=&#8220;post_content&#8220;][et_pb_text _builder_version=&#8220;4.17.4&#8243; _module_preset=&#8220;default&#8220; theme_builder_area=&#8220;post_content&#8220; hover_enabled=&#8220;0&#8243; sticky_enabled=&#8220;0&#8243;]<\/p>\n<div class=\"csc-header csc-header-n1\">\n<h3 class=\"csc-firstHeader\"><strong>DANKE<\/strong> allen freiwilligen Helfern!<\/h3>\n<p><span>An dieser Stelle m\u00f6chten wir uns bei allen freiwillegen Helfern bedanken, die uns bei den zahlreichen Arbeitseins\u00e4tzen mit ihrer Arbeitskraft tatkr\u00e4ftig unterst\u00fctzt haben und in ihrer freien Zeit geholfen haben ein sehr gro\u00dfes und umfangreiches Projekt zu bew\u00e4ltigen.\u00a0<\/span><\/p>\n<\/div>\n<p>[\/et_pb_text][et_pb_divider _builder_version=&#8220;4.17.4&#8243; _module_preset=&#8220;default&#8220; theme_builder_area=&#8220;post_content&#8220; color=&#8220;#000000&#8243; hover_enabled=&#8220;0&#8243; sticky_enabled=&#8220;0&#8243;][\/et_pb_divider][et_pb_text _builder_version=&#8220;4.17.4&#8243; _module_preset=&#8220;default&#8220; theme_builder_area=&#8220;post_content&#8220; hover_enabled=&#8220;0&#8243; sticky_enabled=&#8220;0&#8243;]<\/p>\n<h3>DANKE an alle SPONSOREN und SPENDERN<\/h3>\n<p><a href=\"http:\/\/www.aturis.com\" target=\"_blank\" rel=\"noopener\">ATURIS-Sebastian Gerecke<\/a>, B\u00e4ckerei K\u00f6nig, <a href=\"https:\/\/www.pension-ibe.de\/\" target=\"_blank\" rel=\"noopener\">Bauernhof Ibe<\/a>, Blumengesch\u00e4ft PetiFleur Christin Bier, Landgasthaus &#8222;Zur Herrenwiese&#8220;-Familie Kilian, <a href=\"https:\/\/www.zahnarzt-schade.de\/\" target=\"_blank\" rel=\"noopener\">Dr. med. dent. Marcus Schade<\/a>, <a href=\"http:\/\/www.zahnarztpraxis-baessler.de\" target=\"_blank\" rel=\"noopener\">Familie B\u00e4\u00dfler<\/a>, Familie Bernd Fuhrmann, Fam. Heiko Fuhrmann, Familie Bernd Schimmel, Familie Blasius Preinesberger, Familie Benno Bolduan, Familie Detjen, <a href=\"http:\/\/www.meiplan.de\/buero\" target=\"_blank\" rel=\"noopener\">Familie Dumjahn<\/a>, <a href=\"https:\/\/www.bestattungshaus-schade.de\/\" target=\"_blank\" rel=\"noopener\">Familie Eckard Schade<\/a>, Familie Falko Ludwig, Familie G\u00fcnther Eckstein, Familie G\u00fcnther Sch\u00f6kel, Familie G\u00fcnther Wehling, Familie H. Scherzer, Familie Werner Halbritter, Familie Harald Stroebele, Familie Horst Suelzle, Familie I. Holzapfel, Familie K.-H. Gerlach, Familie Klaus Heinecke, Familie Kohlhause, Familie Leitzke, Familie Lothar Kaufhold, Familie M. Reimann, Familie Maik B\u00f6hnke, Familie Mario Keller, Familie Markus Garzke, Familie Matthias K\u00fclbel, Familie Moye, Familie Olaf Salomon, Familie Peter Keller, Familie Reinhardt, Familie Schoolmann, Familie Schultheis, Familie Steaker, Familie Stefan Verkouter, Familie Weder, <a href=\"https:\/\/www.fire-food-fun.com\" target=\"_blank\" rel=\"noopener\">FireFoodFun-Andreas Rummel<\/a>, <a href=\"https:\/\/www.bach-handel.de\/\" target=\"_blank\" rel=\"noopener\">Firma Bach Nordhausen<\/a>, Frau Gisela Feuchte, Frau H. Heusinger, Frau Karina Weise, Frau Renate Kleemann, Frau Uta Gerlach, Fremdenverkehrsverein, <a href=\"https:\/\/www.neustadt-harz.de\" target=\"_blank\" rel=\"noopener\">Gemeinde Neustadt<\/a>, <a href=\"http:\/\/www.harzklub-neustadt.de\" target=\"_blank\" rel=\"noopener\">Harzklubzweigverein Neustadt\/Osterode e.V.<\/a>, Herr Albert Staecker, Herr Alfred Strunz, Herr Hartmut K\u00fchn, Herr Peter Keller, Herr Rupert Stroebele, Herr Ulrich Gerlach, <a href=\"https:\/\/vertretung.allianz.de\/holger.gerlach\" target=\"_blank\" rel=\"noopener\">Holger Gerlach Allianz<\/a>, Jagdgenossenschaft Neustadt\/Osterode e.V., <a href=\"https:\/\/www.kopier-nordhausen.de\" target=\"_blank\" rel=\"noopener\">Kopier- und Drucksysteme GmbH<\/a>, <a href=\"https:\/\/www.kreissparkasse-nordhausen.de\" target=\"_blank\" rel=\"noopener\">Kreissparkasse Nordhausen<\/a>, LK Th\u00fcringen Lottomittel, Max Immobilien Roald Hesse, Praxis Dr. Korn \/ Steikert, <a href=\"https:\/\/www.profimo-systembau.de\/\" target=\"_blank\" rel=\"noopener\">PROFIMO Industriemontagen Dominik Kara<\/a>, Regelschule Niedersachswerfen, <a href=\"http:\/\/www.schnapperzacker.de\/\" target=\"_blank\" rel=\"noopener\">SchnapperZacker<\/a>, Restaurant &#8222;Schoko&#8220;-Nordhausen, <a href=\"https:\/\/harztor.de\/harztor\" target=\"_blank\" rel=\"noopener\">Verwaltungsgemeinschaft Hohnstein<\/a>, Volkschor Neustadt, Kr\u00fcger GmbH&amp;Co.KG, <a href=\"http:\/\/www.koegler.de\/\" target=\"_blank\" rel=\"noopener\">K\u00f6gler GmbH<\/a>, <a href=\"https:\/\/www.baur.de\/\" target=\"_blank\" rel=\"noopener\">BAUR Versand<\/a>, <a href=\"https:\/\/funkemedienthueringen.de\/\" target=\"_blank\" rel=\"noopener\">Zeitungsgruppe Th\u00fcringen<\/a>, <a href=\"https:\/\/www.mdr.de\" target=\"_blank\" rel=\"noopener\">MDR \u2013 Leipzig<\/a>, <a href=\"https:\/\/www.jokers.de\" target=\"_blank\" rel=\"noopener\">JOKERS<\/a>, <a href=\"https:\/\/www.weltbild.de\" target=\"_blank\" rel=\"noopener\">Weltbild Verlag<\/a>, M. Sottke &amp; G. Koch Cartoon GmbH, <a href=\"https:\/\/www.uhu.de\" target=\"_blank\" rel=\"noopener\">UHU GmbH<\/a>, <a href=\"https:\/\/de.hama.com\" target=\"_blank\" rel=\"noopener\">HAMA<\/a>, <a href=\"https:\/\/www.samsonite.de\" target=\"_blank\" rel=\"noopener\">Samsonite GmbH<\/a>, <a href=\"https:\/\/www.pco-group.com\" target=\"_blank\" rel=\"noopener\">PCO Group GmbH<\/a>, <a href=\"https:\/\/www.tshs.eu\" target=\"_blank\" rel=\"noopener\">Trusetal Verbandstoffwerk<\/a>, <a href=\"https:\/\/www.goetz-puppen.de\" target=\"_blank\" rel=\"noopener\">G\u00d6TZ Puppenmanufaktur<\/a>, <a href=\"https:\/\/www.brauns-heitmann.de\" target=\"_blank\" rel=\"noopener\">Brauns &amp; Heitmann<\/a>, <a href=\"https:\/\/www.nespoligroup.de\" target=\"_blank\" rel=\"noopener\">P. &amp; K. Hergt<\/a>, Feinkosthaus Rosengasse, <a href=\"https:\/\/www.prittworld.ca\" target=\"_blank\" rel=\"noopener\">Pritt<\/a>, <a href=\"https:\/\/www.herlitz.de\" target=\"_blank\" rel=\"noopener\">HERLITZ PBS AG<\/a>, Trendhaus GmbH, <a href=\"https:\/\/www.hartmann.info\" target=\"_blank\" rel=\"noopener\">Paul Hartmann AG<\/a>, <a href=\"https:\/\/www.guenthart.de\" target=\"_blank\" rel=\"noopener\">G\u00fcnthart Confiserie<\/a>, <a href=\"https:\/\/www.friwi.de\" target=\"_blank\" rel=\"noopener\">FRIWI\u2013Werk<\/a>, <a href=\"https:\/\/www.mapa.de\" target=\"_blank\" rel=\"noopener\">MAPA GmbH<\/a>, <a href=\"https:\/\/www.henkel.de\" target=\"_blank\" rel=\"noopener\">Fa.Henkel KGaA<\/a>, <a href=\"http:\/\/www.papyrus-nordhausen.de\" target=\"_blank\" rel=\"noopener\">PAPYRUS Nordhausen<\/a>, <a href=\"https:\/\/www.mediamarkt.de\" target=\"_blank\" rel=\"noopener\">Media\u2013Markt Leipzig<\/a>, <a href=\"https:\/\/www.hsb-wr.de\" target=\"_blank\" rel=\"noopener\">Harzer Schmalspurbahnen<\/a>, Matthias Gerecke, <a href=\"https:\/\/www.diddl.de\" target=\"_blank\" rel=\"noopener\">Diddl<\/a>, <a href=\"https:\/\/www.wdrmaus.de\" target=\"_blank\" rel=\"noopener\">WDR-K\u00f6ln &#8222;Die Sendung mit der Maus&#8220;<\/a>, Holzbildhauer K.H.Niemeyer, VHN Bauservice<\/p>\n<p>&nbsp;<\/p>\n<p><i>Wir bitten um Entschuldigung falls wir bei der Vielzahl von Spenden, insbesondere der Sachspenden(Pflanzen), den ein oder anderen Spender nicht erfasst oder vergessen haben.<span>\u00a0<\/span><\/i><i>Bitte senden Sie uns dann eine Erinnerungs-E-Mail \u00fcber unser Kontaktformular.<span>\u00a0<\/span><\/i><i>Besitzen Sie eine Internetadresse und m\u00f6chten gern verlinkt werden, so k\u00f6nnen Sie sich ebenfalls per Mail an uns wenden. Danke.<\/i><\/p>\n<p>&nbsp;<\/p>\n<p>[\/et_pb_text][et_pb_divider _builder_version=&#8220;4.17.4&#8243; _module_preset=&#8220;default&#8220; theme_builder_area=&#8220;post_content&#8220; color=&#8220;#000000&#8243; hover_enabled=&#8220;0&#8243; sticky_enabled=&#8220;0&#8243;][\/et_pb_divider][et_pb_text _builder_version=&#8220;4.17.4&#8243; _module_preset=&#8220;default&#8220; theme_builder_area=&#8220;post_content&#8220; hover_enabled=&#8220;0&#8243; sticky_enabled=&#8220;0&#8243;]<\/p>\n<div class=\"csc-header csc-header-n3\">\n<h3>Wir freuen uns auf weitere Unterst\u00fctzungen!<\/h3>\n<p class=\"bodytext\">Der F\u00f6rderverein &#8222;Waldbad Neustadt&#8220; e.V. engagiert sich in ideeller und materieller Weise f\u00fcr die F\u00f6rderung von Projekten die ausschlie\u00dflich dem Waldbad Neustadt zugute kommen. Zur Erf\u00fcllung der vielf\u00e4ltigen Aufgaben ist unser F\u00f6rderverein auf Spenden angewiesen.<\/p>\n<p class=\"bodytext\"><b>Spendenm\u00f6glichkeit<\/b><br \/>F\u00f6rderverein Waldbad Neustadt<br \/>Konto-Nr: 30023472<br \/>BLZ: 820 540 52<br \/>IBAN: DE61 8205 4052 0030 0234 72<br \/>BIC: HELADEF1NOR<br \/>Kreissparkasse Nordhausen<\/p>\n<p class=\"bodytext\"><b>Spendenbescheinigung<\/b><br \/>Wir sind vom Finanzamt Sondershausen als gemeinn\u00fctzig anerkannt worden. Sie erhalten von uns selbstverst\u00e4ndlich eine steuerlich abzugsf\u00e4hige Spendenquittung.<\/p>\n<\/div>\n<p>[\/et_pb_text][\/et_pb_column][\/et_pb_row][\/et_pb_section]<\/p>\n","protected":false},"excerpt":{"rendered":"<p>DANKE allen freiwilligen Helfern! An dieser Stelle m\u00f6chten wir uns bei allen freiwillegen Helfern bedanken, die uns bei den zahlreichen Arbeitseins\u00e4tzen mit ihrer Arbeitskraft tatkr\u00e4ftig unterst\u00fctzt haben und in ihrer freien Zeit geholfen haben ein sehr gro\u00dfes und umfangreiches Projekt zu bew\u00e4ltigen.\u00a0 DANKE an alle SPONSOREN und SPENDERN ATURIS-Sebastian Gerecke, B\u00e4ckerei K\u00f6nig, Bauernhof Ibe, Blumengesch\u00e4ft [&hellip;]<\/p>\n","protected":false},"author":2,"featured_media":0,"parent":0,"menu_order":0,"comment_status":"closed","ping_status":"closed","template":"","meta":{"_et_pb_use_builder":"on","_et_pb_old_content":"","_et_gb_content_width":""},"_links":{"self":[{"href":"https:\/\/www.neustadt-waldbad.de\/index.php?rest_route=\/wp\/v2\/pages\/151"}],"collection":[{"href":"https:\/\/www.neustadt-waldbad.de\/index.php?rest_route=\/wp\/v2\/pages"}],"about":[{"href":"https:\/\/www.neustadt-waldbad.de\/index.php?rest_route=\/wp\/v2\/types\/page"}],"author":[{"embeddable":true,"href":"https:\/\/www.neustadt-waldbad.de\/index.php?rest_route=\/wp\/v2\/users\/2"}],"replies":[{"embeddable":true,"href":"https:\/\/www.neustadt-waldbad.de\/index.php?rest_route=%2Fwp%2Fv2%2Fcomments&post=151"}],"version-history":[{"count":4,"href":"https:\/\/www.neustadt-waldbad.de\/index.php?rest_route=\/wp\/v2\/pages\/151\/revisions"}],"predecessor-version":[{"id":3276,"href":"https:\/\/www.neustadt-waldbad.de\/index.php?rest_route=\/wp\/v2\/pages\/151\/revisions\/3276"}],"wp:attachment":[{"href":"https:\/\/www.neustadt-waldbad.de\/index.php?rest_route=%2Fwp%2Fv2%2Fmedia&parent=151"}],"curies":[{"name":"wp","href":"https:\/\/api.w.org\/{rel}","templated":true}]}}