{"id":147,"date":"2021-10-26T06:12:35","date_gmt":"2021-10-26T06:12:35","guid":{"rendered":"http:\/\/demo1.wp.aturis.org\/?page_id=147"},"modified":"2022-07-15T12:27:16","modified_gmt":"2022-07-15T12:27:16","slug":"ziele-projekte","status":"publish","type":"page","link":"https:\/\/www.neustadt-waldbad.de\/?page_id=147","title":{"rendered":"Ziele + Projekte"},"content":{"rendered":"<p>[et_pb_section fb_built=&#8220;1&#8243; _builder_version=&#8220;4.17.4&#8243; _module_preset=&#8220;default&#8220; global_colors_info=&#8220;{}&#8220;][et_pb_row _builder_version=&#8220;4.17.4&#8243; _module_preset=&#8220;default&#8220; hover_enabled=&#8220;0&#8243; global_colors_info=&#8220;{}&#8220; sticky_enabled=&#8220;0&#8243;][et_pb_column type=&#8220;4_4&#8243; _builder_version=&#8220;4.17.4&#8243; _module_preset=&#8220;default&#8220; global_colors_info=&#8220;{}&#8220;][et_pb_text _builder_version=&#8220;4.17.4&#8243; _module_preset=&#8220;default&#8220; global_colors_info=&#8220;{}&#8220;]<\/p>\n<div class=\"csc-header csc-header-n1\">\n<h3 class=\"csc-firstHeader\">Unsere weiteren Ziele &amp; Projekte<\/h3>\n<\/div>\n<p class=\"bodytext\">Auch nach der Sanierung des Beckenk\u00f6rpers werden wir in den n\u00e4chsten Jahren, als F\u00f6rderverein \u201eWaldbad Neustadt\u201c, unsere Arbeit weiterf\u00fchren. Wie Sie wissen, gibt es noch jede Menge zu tun. Weiterhin werden im Rahmen der n\u00e4chsten Kinderkleidungsbasare, bei der Weihnachtstombola und Anbaden am 01.01. Geld f\u00fcr\u00a0 die Sanierung des Kleinkinderbeckens sammeln.<b><br \/><\/b>Wir hoffen, mit unserem ehrenamtlichen Engagement ein St\u00fcck Lebensqualit\u00e4t f\u00fcr die Einwohner von Neustadt und die zahlreichen G\u00e4ste in unserer Gemeinde zu erhalten und unseren Kindern und Familien einen Ort der Lebensfreude und sportlichen Aktivit\u00e4ten zu bewahren.<\/p>\n<p>[\/et_pb_text][et_pb_text _builder_version=&#8220;4.17.4&#8243; _module_preset=&#8220;default&#8220; global_colors_info=&#8220;{}&#8220;]<\/p>\n<h3>Unsere erfolgreich durchgef\u00fchrten Projekte<\/h3>\n<p>[\/et_pb_text][et_pb_toggle title=&#8220;Neuer Volleyballplatz&#8220; _builder_version=&#8220;4.17.4&#8243; _module_preset=&#8220;default&#8220; hover_enabled=&#8220;0&#8243; sticky_enabled=&#8220;0&#8243;]<\/p>\n<p><span>Im Rahmen mehrer Arbeitseins\u00e4tze wurde ein neuer Beach-Volleyballplatz im Waldbad angelegt. Bei bestem Wetter mussten 150 Tonnen Sand vom Gondelteich bis in Bad gefahren und verteilt werden&#8230;<\/span><\/p>\n<p><span>Die Stimmung unter allen flei\u00dfigen Helfern war hervorragend &#8211; das Ergebnis kann sich sehen lassen.<\/p>\n<p>Eine Netzanlage lag auch schon bereit und wurde noch bis zur Saisoner\u00f6ffnung errichtet.<\/span><\/p>\n<ul class=\"et_post_gallery clearfix\">\n\t\t\t\t\t<li class=\"et_gallery_item et_pb_gallery_image\">\n\t\t\t\t\t\t<a href=\"https:\/\/www.neustadt-waldbad.de\/wp-content\/uploads\/2022\/07\/1__12_.jpg\" title=\"1__12_\">\n\t\t\t\t\t\t\t<span class=\"et_portfolio_image\">\n\t\t\t\t\t\t\t\t<img width=\"400\" height=\"284\" src=\"https:\/\/www.neustadt-waldbad.de\/wp-content\/uploads\/2022\/07\/1__12_-400x284.jpg\" class=\"attachment-et-pb-portfolio-image size-et-pb-portfolio-image\" alt=\"\" decoding=\"async\" loading=\"lazy\" \/>\n\t\t\t\t\t\t\t\t<span class=\"et_overlay\"><\/span>\n\t\t\t\t\t\t\t<\/span>\n\t\t\t\t\t\t<\/a>\n\t\t\t\t\t\t\n\t\t\t\t\t<\/li>\n\t\t\t\t<\/ul>\n<p>[\/et_pb_toggle][et_pb_toggle title=&#8220;Schaukelanlage&#8220; _builder_version=&#8220;4.17.4&#8243; _module_preset=&#8220;default&#8220; hover_enabled=&#8220;0&#8243; sticky_enabled=&#8220;0&#8243;]<\/p>\n<p class=\"bodytext\">Eine neue Schaukelanlage ist errichtet. Der Dank geht an die Kreissparkasse Nordhausen, welche die Schaukel aus dem Programm \u201eScheine f\u00fcr Vereine\u201c bezuschusste und an die \u201eJungs\u201c vom Horizont Verein, die die Schaukel montiert und aufgestellt haben.<\/p>\n<ul class=\"et_post_gallery clearfix\">\n\t\t\t\t\t<li class=\"et_gallery_item et_pb_gallery_image\">\n\t\t\t\t\t\t<a href=\"https:\/\/www.neustadt-waldbad.de\/wp-content\/uploads\/2022\/07\/IMG-20140510-WA0001.jpg\" title=\"IMG-20140510-WA0001\">\n\t\t\t\t\t\t\t<span class=\"et_portfolio_image\">\n\t\t\t\t\t\t\t\t<img width=\"400\" height=\"284\" src=\"https:\/\/www.neustadt-waldbad.de\/wp-content\/uploads\/2022\/07\/IMG-20140510-WA0001-400x284.jpg\" class=\"attachment-et-pb-portfolio-image size-et-pb-portfolio-image\" alt=\"\" decoding=\"async\" loading=\"lazy\" \/>\n\t\t\t\t\t\t\t\t<span class=\"et_overlay\"><\/span>\n\t\t\t\t\t\t\t<\/span>\n\t\t\t\t\t\t<\/a>\n\t\t\t\t\t\t\n\t\t\t\t\t<\/li>\n\t\t\t\t<\/ul>\n<p class=\"bodytext\"><a href=\"\/?p=3053\" target=\"_blank\" rel=\"noopener\">&#8230;weitere Bilder<\/a><\/p>\n<p>[\/et_pb_toggle][et_pb_toggle title=&#8220;Sanierung Treppendurchgang zum Kinderplanschbecken&#8220; _builder_version=&#8220;4.17.4&#8243; _module_preset=&#8220;default&#8220; hover_enabled=&#8220;0&#8243; sticky_enabled=&#8220;0&#8243;]<\/p>\n<p class=\"bodytext\">Die Treppe zum Kinderplanschbecken wurde erneuert. Ein ganz besonderer Dank gilt Volker Hauptvogel, der nicht nur das Material gesponsert hat sondern auch gleich kostenlos mit seiner Firma<span>\u00a0<\/span>VHN Bauservice<span>\u00a0<\/span>professionell und mit entsprechneder Technik verarbeitetet.\u00a0<\/p>\n<ul class=\"et_post_gallery clearfix\">\n\t\t\t\t\t<li class=\"et_gallery_item et_pb_gallery_image\">\n\t\t\t\t\t\t<a href=\"https:\/\/www.neustadt-waldbad.de\/wp-content\/uploads\/2022\/07\/1398955360686.jpg\" title=\"1398955360686\">\n\t\t\t\t\t\t\t<span class=\"et_portfolio_image\">\n\t\t\t\t\t\t\t\t<img width=\"225\" height=\"284\" src=\"https:\/\/www.neustadt-waldbad.de\/wp-content\/uploads\/2022\/07\/1398955360686-225x284.jpg\" class=\"attachment-et-pb-portfolio-image size-et-pb-portfolio-image\" alt=\"\" decoding=\"async\" loading=\"lazy\" \/>\n\t\t\t\t\t\t\t\t<span class=\"et_overlay\"><\/span>\n\t\t\t\t\t\t\t<\/span>\n\t\t\t\t\t\t<\/a>\n\t\t\t\t\t\t\n\t\t\t\t\t<\/li>\n\t\t\t\t<\/ul>\n<p class=\"bodytext\"><a href=\"\/?p=3053\" target=\"_blank\" rel=\"noopener\">&#8230;weitere Bilder<\/a><\/p>\n<p>[\/et_pb_toggle][et_pb_toggle title=&#8220;Volleyballplatz&#8220; _builder_version=&#8220;4.17.4&#8243; _module_preset=&#8220;default&#8220; hover_enabled=&#8220;0&#8243; sticky_enabled=&#8220;0&#8243;]<\/p>\n<p class=\"bodytext\">Es wurde im Rahmen eines Arbeitseinsatzes des F\u00f6rdervereines \u201eWaldbad Neustadt\u201c ein neuer Beach-Volleyballplatz im Waldbad angelegt. Bei bestem Wetter mussten 150 Tonnen Sand vom Gondelteich bis in Bad gefahren und verteilt werden&#8230;<\/p>\n<p>Die Stimmung unter allen flei\u00dfigen Helfern war hervorragend &#8211; das Ergebnis kann sich sehen lassen.<\/p>\n<p>Nun steht die Anlage allen Volleyballern und denen, die es in diesem Sommer werden wollen, zur Verf\u00fcgung. Der F\u00f6rderverein m\u00f6chte sich an dieser Stelle noch einmal herzlich bei Olaf Ibe, Helmut Scharfe, Oliver und Mario K\u00fchn f\u00fcr die PS-starke und tatkr\u00e4ftige Unterst\u00fctzung bedanken. Ohne euch w\u00e4re das nicht m\u00f6glich gewesen!<\/p>\n<p class=\"bodytext\">Vielen Dank auch an Familie Meier vom Bistro am Gondelteich und Familie Richard Ibe f\u00fcr ihr Verst\u00e4ndnis.<\/p>\n<ul class=\"et_post_gallery clearfix\">\n\t\t\t\t\t<li class=\"et_gallery_item et_pb_gallery_image\">\n\t\t\t\t\t\t<a href=\"https:\/\/www.neustadt-waldbad.de\/wp-content\/uploads\/2022\/07\/1__32_.jpg\" title=\"1__32_\">\n\t\t\t\t\t\t\t<span class=\"et_portfolio_image\">\n\t\t\t\t\t\t\t\t<img width=\"400\" height=\"284\" src=\"https:\/\/www.neustadt-waldbad.de\/wp-content\/uploads\/2022\/07\/1__32_-400x284.jpg\" class=\"attachment-et-pb-portfolio-image size-et-pb-portfolio-image\" alt=\"\" decoding=\"async\" loading=\"lazy\" \/>\n\t\t\t\t\t\t\t\t<span class=\"et_overlay\"><\/span>\n\t\t\t\t\t\t\t<\/span>\n\t\t\t\t\t\t<\/a>\n\t\t\t\t\t\t\n\t\t\t\t\t<\/li>\n\t\t\t\t<\/ul>\n<p class=\"bodytext\"><a href=\"\/?p=3053\" target=\"_blank\" rel=\"noopener\">&#8230;weitere Bilder<\/a><\/p>\n<p>[\/et_pb_toggle][et_pb_toggle title=&#8220;Sanierung Kleinkindbecken\/Planschbecken&#8220; _builder_version=&#8220;4.17.4&#8243; _module_preset=&#8220;default&#8220; hover_enabled=&#8220;0&#8243; sticky_enabled=&#8220;0&#8243;]<\/p>\n<p class=\"bodytext\">Nach zahlreichen Aktivit\u00e4ten (Basar,Tombola,&#8230;) und insbesondere durch die gro\u00dfz\u00fcgigen Spenden der<span>\u00a0<\/span><b>Jagdgenossenschaft Neustadt\/Osterode in H\u00f6he von 2.500,-\u20ac<span>\u00a0<\/span><\/b>und der<b><span>\u00a0<\/span>DLRG Hohnstein e.V. in H\u00f6he von 2.000,-\u20ac<\/b><span>\u00a0<\/span>konnte nun auch das Sanierungsbed\u00fcrftige Planschbecken zu einem Wasserspielplatz f\u00fcr die kleinsten Badeg\u00e4ste umgebaut werden.<\/p>\n<ul class=\"et_post_gallery clearfix\">\n\t\t\t\t\t<li class=\"et_gallery_item et_pb_gallery_image\">\n\t\t\t\t\t\t<a href=\"https:\/\/www.neustadt-waldbad.de\/wp-content\/uploads\/2022\/07\/DSCF3303.jpg\" title=\"DSCF3303\">\n\t\t\t\t\t\t\t<span class=\"et_portfolio_image\">\n\t\t\t\t\t\t\t\t<img width=\"400\" height=\"284\" src=\"https:\/\/www.neustadt-waldbad.de\/wp-content\/uploads\/2022\/07\/DSCF3303-400x284.jpg\" class=\"attachment-et-pb-portfolio-image size-et-pb-portfolio-image\" alt=\"\" decoding=\"async\" loading=\"lazy\" \/>\n\t\t\t\t\t\t\t\t<span class=\"et_overlay\"><\/span>\n\t\t\t\t\t\t\t<\/span>\n\t\t\t\t\t\t<\/a>\n\t\t\t\t\t\t\n\t\t\t\t\t<\/li>\n\t\t\t\t<\/ul>\n<p class=\"bodytext\"><a href=\"\/?p=3212\" target=\"_blank\" rel=\"noopener\">&#8230;weitere Bilder<\/a><\/p>\n<p>[\/et_pb_toggle][et_pb_toggle title=&#8220;Birdy&#8220; _builder_version=&#8220;4.17.4&#8243; _module_preset=&#8220;default&#8220; hover_enabled=&#8220;0&#8243; sticky_enabled=&#8220;0&#8243;]<\/p>\n<p class=\"bodytext\">Herr Niemeyer (Holzbildhauer aus Neustadt) sponserte dem Waldbad eine Holzskulptur und gab ihm den Namen &#8220; Birdy &#8222;.\u00a0 Er w\u00fcnscht allen gro\u00dfen und kleinen Badeg\u00e4sten viel Spa\u00df damit.<\/p>\n<p class=\"bodytext\">K.-Heinz Niemeyer<br \/>Holzbildhauer<\/p>\n<p>Stolberger Stra\u00dfe 20<br \/>99762 Neustadt\/ Harz<br \/>Tel. 036331\/31399<br \/>e-mail:\u00a0 karl-heinz-niemeyer@t-online.de<\/p>\n<ul class=\"et_post_gallery clearfix\">\n\t\t\t\t\t<li class=\"et_gallery_item et_pb_gallery_image\">\n\t\t\t\t\t\t<a href=\"https:\/\/www.neustadt-waldbad.de\/wp-content\/uploads\/2022\/07\/DSCF3303.jpg\" title=\"DSCF3303\">\n\t\t\t\t\t\t\t<span class=\"et_portfolio_image\">\n\t\t\t\t\t\t\t\t<img width=\"400\" height=\"284\" src=\"https:\/\/www.neustadt-waldbad.de\/wp-content\/uploads\/2022\/07\/DSCF3303-400x284.jpg\" class=\"attachment-et-pb-portfolio-image size-et-pb-portfolio-image\" alt=\"\" decoding=\"async\" loading=\"lazy\" \/>\n\t\t\t\t\t\t\t\t<span class=\"et_overlay\"><\/span>\n\t\t\t\t\t\t\t<\/span>\n\t\t\t\t\t\t<\/a>\n\t\t\t\t\t\t\n\t\t\t\t\t<\/li>\n\t\t\t\t<\/ul>\n<p class=\"bodytext\"><a href=\"\/?p=3212\" target=\"_blank\" rel=\"noopener\">&#8230;weitere Bilder<\/a><\/p>\n<p>[\/et_pb_toggle][et_pb_toggle title=&#8220;Kletteranlage f\u00fcr den Au\u00dfenbereich&#8220; _builder_version=&#8220;4.17.4&#8243; _module_preset=&#8220;default&#8220; hover_enabled=&#8220;0&#8243; sticky_enabled=&#8220;0&#8243;]<\/p>\n<p><span>Im Bestreben unser Bad noch attraktiver und abwechslungsreicher zu gestalten, entstand die Idee, eine Kletteranlage anzuschaffen und in der N\u00e4he des Spielplatzes aufzustellen und somit unser Waldbad um eine Sport- und Spielm\u00f6glichkeit reicher zu machen.<\/span><br \/><span>Juli 2012 &#8211; Kletteranlage mit Rutsche<\/span><\/p>\n<ul class=\"et_post_gallery clearfix\">\n\t\t\t\t\t<li class=\"et_gallery_item et_pb_gallery_image\">\n\t\t\t\t\t\t<a href=\"https:\/\/www.neustadt-waldbad.de\/wp-content\/uploads\/2022\/07\/Rutsche_spielplatz.jpg\" title=\"Rutsche_spielplatz\">\n\t\t\t\t\t\t\t<span class=\"et_portfolio_image\">\n\t\t\t\t\t\t\t\t<img width=\"400\" height=\"284\" src=\"https:\/\/www.neustadt-waldbad.de\/wp-content\/uploads\/2022\/07\/Rutsche_spielplatz-400x284.jpg\" class=\"attachment-et-pb-portfolio-image size-et-pb-portfolio-image\" alt=\"\" decoding=\"async\" loading=\"lazy\" \/>\n\t\t\t\t\t\t\t\t<span class=\"et_overlay\"><\/span>\n\t\t\t\t\t\t\t<\/span>\n\t\t\t\t\t\t<\/a>\n\t\t\t\t\t\t\n\t\t\t\t\t<\/li>\n\t\t\t\t<\/ul>\n<p><a href=\"\/?p=3190\" target=\"_blank\" rel=\"noopener\">&#8230;weitere Bilder<\/a><\/p>\n<p>[\/et_pb_toggle][et_pb_toggle title=&#8220;1-Meter-Sprunganlage&#8220; _builder_version=&#8220;4.17.4&#8243; _module_preset=&#8220;default&#8220; hover_enabled=&#8220;0&#8243; sticky_enabled=&#8220;0&#8243;]<\/p>\n<p class=\"bodytext\">Mai 2011, die 1-Meter-Sprunganlage wurde aufgestellt.<\/p>\n<p class=\"bodytext\">Anschaffungskosten: 7.500,00 \u20ac<\/p>\n<ul class=\"et_post_gallery clearfix\">\n\t\t\t\t\t<li class=\"et_gallery_item et_pb_gallery_image\">\n\t\t\t\t\t\t<a href=\"https:\/\/www.neustadt-waldbad.de\/wp-content\/uploads\/2022\/06\/DSCF9699.jpg\" title=\"DSCF9699\">\n\t\t\t\t\t\t\t<span class=\"et_portfolio_image\">\n\t\t\t\t\t\t\t\t<img width=\"400\" height=\"284\" src=\"https:\/\/www.neustadt-waldbad.de\/wp-content\/uploads\/2022\/06\/DSCF9699-400x284.jpg\" class=\"attachment-et-pb-portfolio-image size-et-pb-portfolio-image\" alt=\"\" decoding=\"async\" loading=\"lazy\" \/>\n\t\t\t\t\t\t\t\t<span class=\"et_overlay\"><\/span>\n\t\t\t\t\t\t\t<\/span>\n\t\t\t\t\t\t<\/a>\n\t\t\t\t\t\t\n\t\t\t\t\t<\/li>\n\t\t\t\t<\/ul>\n<p class=\"bodytext\"><a href=\"\/?p=3157\" target=\"_blank\" rel=\"noopener\">&#8230;weitere Bilder\u00a0<\/a><\/p>\n<p>[\/et_pb_toggle][et_pb_toggle title=&#8220;Liegepodeste\/Sonnenterrassen&#8220; _builder_version=&#8220;4.17.4&#8243; _module_preset=&#8220;default&#8220; hover_enabled=&#8220;0&#8243; sticky_enabled=&#8220;0&#8243;]<\/p>\n<p class=\"bodytext\">Im Mai 2011 konnten 2 Liegepodeste\/ Sonnenterrassen am Beckenrand aufgebaut werden.<\/p>\n<ul class=\"et_post_gallery clearfix\">\n\t\t\t\t\t<li class=\"et_gallery_item et_pb_gallery_image\">\n\t\t\t\t\t\t<a href=\"https:\/\/www.neustadt-waldbad.de\/wp-content\/uploads\/2022\/07\/DSCF0362.jpg\" title=\"DSCF0362\">\n\t\t\t\t\t\t\t<span class=\"et_portfolio_image\">\n\t\t\t\t\t\t\t\t<img width=\"400\" height=\"284\" src=\"https:\/\/www.neustadt-waldbad.de\/wp-content\/uploads\/2022\/07\/DSCF0362-400x284.jpg\" class=\"attachment-et-pb-portfolio-image size-et-pb-portfolio-image\" alt=\"\" decoding=\"async\" loading=\"lazy\" \/>\n\t\t\t\t\t\t\t\t<span class=\"et_overlay\"><\/span>\n\t\t\t\t\t\t\t<\/span>\n\t\t\t\t\t\t<\/a>\n\t\t\t\t\t\t\n\t\t\t\t\t<\/li>\n\t\t\t\t<\/ul>\n<p class=\"bodytext\"><a href=\"\/?p=3155\" target=\"_blank\" rel=\"noopener\">&#8230;weitere Bilder<\/a><\/p>\n<p>[\/et_pb_toggle][et_pb_toggle title=&#8220;Rosenhecke&#8220; _builder_version=&#8220;4.17.4&#8243; _module_preset=&#8220;default&#8220; hover_enabled=&#8220;0&#8243; sticky_enabled=&#8220;0&#8243;]<\/p>\n<p class=\"bodytext\">November 2010 Anlegen einer neuen Bepflanzung um das Becken aus:<br \/>\u2022\u00a0\u00a0\u00a0 290 St. Rosa rugosa (Apfelrose)<br \/>\u2022\u00a0\u00a0\u00a0 80 St. Rosa rugosa `\u00c0lba`<br \/>\u2022\u00a0\u00a0\u00a0 13 St. Rosa multiflora<br \/>\u2022\u00a0\u00a0\u00a0 30 St. Rosa `Medeo` (Bodendeckerrose)<br \/>\u2022\u00a0\u00a0\u00a0 80 St. Lavandula angustifolia (Lavendel)<br \/>\u2022\u00a0\u00a0\u00a0 6 St. Fargesia murieliae `Standind Stone` (Bambus)<br \/>\u2022\u00a0\u00a0\u00a0 verschiedene Beetstauden (gespendet)<\/p>\n<p class=\"bodytext\">Die Kosten betrugen 950,00 \u20ac.<\/p>\n<ul class=\"et_post_gallery clearfix\">\n\t\t\t\t\t<li class=\"et_gallery_item et_pb_gallery_image\">\n\t\t\t\t\t\t<a href=\"https:\/\/www.neustadt-waldbad.de\/wp-content\/uploads\/2022\/06\/DSCF9595.jpg\" title=\"DSCF9595\">\n\t\t\t\t\t\t\t<span class=\"et_portfolio_image\">\n\t\t\t\t\t\t\t\t<img width=\"400\" height=\"284\" src=\"https:\/\/www.neustadt-waldbad.de\/wp-content\/uploads\/2022\/06\/DSCF9595-400x284.jpg\" class=\"attachment-et-pb-portfolio-image size-et-pb-portfolio-image\" alt=\"\" decoding=\"async\" loading=\"lazy\" \/>\n\t\t\t\t\t\t\t\t<span class=\"et_overlay\"><\/span>\n\t\t\t\t\t\t\t<\/span>\n\t\t\t\t\t\t<\/a>\n\t\t\t\t\t\t\n\t\t\t\t\t<\/li>\n\t\t\t\t<\/ul>\n<p><a href=\"\/?p=3041\" target=\"_blank\" rel=\"noopener\">&#8230;weitere Bilder<\/a><\/p>\n<p>[\/et_pb_toggle][et_pb_toggle title=&#8220;3-Meter-Sprungturm&#8220; _builder_version=&#8220;4.17.4&#8243; _module_preset=&#8220;default&#8220; hover_enabled=&#8220;0&#8243; sticky_enabled=&#8220;0&#8243;]<\/p>\n<p class=\"bodytext\">3-Meter-Sprungturm, Juli 2010, Anschaffungskosten: 17.826,20 \u20ac<\/p>\n<ul class=\"et_post_gallery clearfix\">\n\t\t\t\t\t<li class=\"et_gallery_item et_pb_gallery_image\">\n\t\t\t\t\t\t<a href=\"https:\/\/www.neustadt-waldbad.de\/wp-content\/uploads\/2022\/06\/09__368_.jpg\" title=\"09__368_\">\n\t\t\t\t\t\t\t<span class=\"et_portfolio_image\">\n\t\t\t\t\t\t\t\t<img width=\"400\" height=\"284\" src=\"https:\/\/www.neustadt-waldbad.de\/wp-content\/uploads\/2022\/06\/09__368_-400x284.jpg\" class=\"attachment-et-pb-portfolio-image size-et-pb-portfolio-image\" alt=\"\" decoding=\"async\" loading=\"lazy\" \/>\n\t\t\t\t\t\t\t\t<span class=\"et_overlay\"><\/span>\n\t\t\t\t\t\t\t<\/span>\n\t\t\t\t\t\t<\/a>\n\t\t\t\t\t\t\n\t\t\t\t\t<\/li>\n\t\t\t\t<\/ul>\n<p class=\"bodytext\"><a href=\"\/?p=3035\" target=\"_blank\" rel=\"noopener\">&#8230;weitere Bilder<\/a><\/p>\n<p>[\/et_pb_toggle][et_pb_toggle title=&#8220;Rollrasen&#8220; _builder_version=&#8220;4.17.4&#8243; _module_preset=&#8220;default&#8220; hover_enabled=&#8220;0&#8243; sticky_enabled=&#8220;0&#8243;]<\/p>\n<p class=\"bodytext\">Im Laufe des Sommers konnten wir durch zahlreiche Spenden ca. 700 m\u00b2 Rollrasen von bester Qualit\u00e4t verlegen. Dadurch erreichten wir das unser frisch saniertes Waldbad auch optisch gleich ein Highlight wurde.<\/p>\n<p class=\"bodytext\">Die Kosten daf\u00fcr betrugen insgesamt nach 3 Lieferungen 2530,34 \u20ac.<\/p>\n<ul class=\"et_post_gallery clearfix\">\n\t\t\t\t\t<li class=\"et_gallery_item et_pb_gallery_image\">\n\t\t\t\t\t\t<a href=\"https:\/\/www.neustadt-waldbad.de\/wp-content\/uploads\/2022\/07\/04__168_.jpg\" title=\"04__168_\">\n\t\t\t\t\t\t\t<span class=\"et_portfolio_image\">\n\t\t\t\t\t\t\t\t<img width=\"400\" height=\"284\" src=\"https:\/\/www.neustadt-waldbad.de\/wp-content\/uploads\/2022\/07\/04__168_-400x284.jpg\" class=\"attachment-et-pb-portfolio-image size-et-pb-portfolio-image\" alt=\"\" decoding=\"async\" loading=\"lazy\" \/>\n\t\t\t\t\t\t\t\t<span class=\"et_overlay\"><\/span>\n\t\t\t\t\t\t\t<\/span>\n\t\t\t\t\t\t<\/a>\n\t\t\t\t\t\t\n\t\t\t\t\t<\/li>\n\t\t\t\t<\/ul>\n<p class=\"bodytext\"><a href=\"\/?p=3033\" target=\"_blank\" rel=\"noopener\">&#8230;weitere Bilder<\/a><\/p>\n<p>[\/et_pb_toggle][et_pb_toggle title=&#8220;Trennleine&#8220; _builder_version=&#8220;4.17.4&#8243; _module_preset=&#8220;default&#8220; hover_enabled=&#8220;0&#8243; sticky_enabled=&#8220;0&#8243;]<\/p>\n<div id=\"c177\" class=\"csc-default\">\n<p class=\"bodytext\">Trennleine, Anschaffung im Juli 2010 f\u00fcr 377,65 \u20ac.<\/p>\n<\/div>\n<div id=\"c175\" class=\"csc-default\">\n<div class=\"csc-header csc-header-n16\"><\/div>\n<\/div>\n<p>[\/et_pb_toggle][et_pb_toggle title=&#8220;Kinder-Wasser-Rutsche&#8220; _builder_version=&#8220;4.17.4&#8243; _module_preset=&#8220;default&#8220; hover_enabled=&#8220;0&#8243; sticky_enabled=&#8220;0&#8243;]<\/p>\n<p class=\"bodytext\">Kurz nach Er\u00f6ffnung der Saison\u00a02008 konnten wir endlich, dank der Aktion 1plus1 der Kreissparkasse Nordhausen die ersehnte Kinder-Wasser-Rutsche im Wert von 7.294,70 \u20ac in Betrieb nehmen.<\/p>\n<ul class=\"et_post_gallery clearfix\">\n\t\t\t\t\t<li class=\"et_gallery_item et_pb_gallery_image\">\n\t\t\t\t\t\t<a href=\"https:\/\/www.neustadt-waldbad.de\/wp-content\/uploads\/2022\/05\/P1020279.jpg\" title=\"P1020279\">\n\t\t\t\t\t\t\t<span class=\"et_portfolio_image\">\n\t\t\t\t\t\t\t\t<img width=\"400\" height=\"284\" src=\"https:\/\/www.neustadt-waldbad.de\/wp-content\/uploads\/2022\/05\/P1020279-400x284.jpg\" class=\"attachment-et-pb-portfolio-image size-et-pb-portfolio-image\" alt=\"\" decoding=\"async\" loading=\"lazy\" \/>\n\t\t\t\t\t\t\t\t<span class=\"et_overlay\"><\/span>\n\t\t\t\t\t\t\t<\/span>\n\t\t\t\t\t\t<\/a>\n\t\t\t\t\t\t\n\t\t\t\t\t<\/li>\n\t\t\t\t<\/ul>\n<p class=\"bodytext\"><a href=\"\/?p=2459\" target=\"_blank\" rel=\"noopener\">&#8230;weitere Bilder<\/a><\/p>\n<p>[\/et_pb_toggle][et_pb_toggle title=&#8220;Schachfiguren&#8220; _builder_version=&#8220;4.17.4&#8243; _module_preset=&#8220;default&#8220; hover_enabled=&#8220;0&#8243; sticky_enabled=&#8220;0&#8243;]<\/p>\n<div id=\"c176\" class=\"csc-default\">\n<p class=\"bodytext\">Schachfiguren f\u00fcr unser Dame-M\u00fchle-Schach-Tisch wurden im Mai 2008 f\u00fcr 132,90 \u20ac angeschafft.<\/p>\n<\/div>\n<div id=\"c172\" class=\"csc-default\">\n<div class=\"csc-header csc-header-n18\"><\/div>\n<\/div>\n<p>[\/et_pb_toggle][et_pb_toggle title=&#8220;Fussball-Kleinfeldtore&#8220; _builder_version=&#8220;4.17.4&#8243; _module_preset=&#8220;default&#8220; hover_enabled=&#8220;0&#8243; global_colors_info=&#8220;{}&#8220; sticky_enabled=&#8220;0&#8243;]<\/p>\n<p class=\"bodytext\">Im September 2006 konnten zwei Fu\u00dfball-Kleinfeldtore f\u00fcr unseren Au\u00dfenbereich angeschafft werden. Die Kosten\u00a0betrugen 1.210,00 \u20ac.<\/p>\n<div id=\"c172\" class=\"csc-default\">\n<div class=\"csc-textpic csc-textpic-intext-right\">\n<div class=\"csc-textpic-text\">\n<p class=\"bodytext\">Das entsprechende Fangnetz, welches hinter den Toren angebracht wurde erwarben wir im April 2008. Die Kosten betrugen 374,24 \u20ac.<\/p>\n<ul class=\"et_post_gallery clearfix\">\n\t\t\t\t\t<li class=\"et_gallery_item et_pb_gallery_image\">\n\t\t\t\t\t\t<a href=\"https:\/\/www.neustadt-waldbad.de\/wp-content\/uploads\/2022\/05\/DSC03456.jpg\" title=\"DSC03456\">\n\t\t\t\t\t\t\t<span class=\"et_portfolio_image\">\n\t\t\t\t\t\t\t\t<img width=\"400\" height=\"284\" src=\"https:\/\/www.neustadt-waldbad.de\/wp-content\/uploads\/2022\/05\/DSC03456-400x284.jpg\" class=\"attachment-et-pb-portfolio-image size-et-pb-portfolio-image\" alt=\"\" decoding=\"async\" loading=\"lazy\" \/>\n\t\t\t\t\t\t\t\t<span class=\"et_overlay\"><\/span>\n\t\t\t\t\t\t\t<\/span>\n\t\t\t\t\t\t<\/a>\n\t\t\t\t\t\t\n\t\t\t\t\t<\/li>\n\t\t\t\t<\/ul>\n<\/div>\n<\/div>\n<div class=\"csc-textpic-clear\"><\/div>\n<\/div>\n<p>[\/et_pb_toggle][et_pb_toggle title=&#8220;Tischtennisplatte + Schl\u00e4ger-Set&#8220; _builder_version=&#8220;4.17.4&#8243; _module_preset=&#8220;default&#8220; hover_enabled=&#8220;0&#8243; global_colors_info=&#8220;{}&#8220; sticky_enabled=&#8220;0&#8243;]<\/p>\n<p class=\"bodytext\">Im November 2006 konnten wir eine neue Tischtennisplatte f\u00fcr unseren Au\u00dfenbereich anschaffen. Die Kosten betrugen 1.219,00 \u20ac.<\/p>\n<div id=\"c173\" class=\"csc-default\">\n<div class=\"csc-textpic csc-textpic-intext-right\">\n<div class=\"csc-textpic-text\">\n<p class=\"bodytext\">Ein neues 20-teiligesTischttennisschl\u00e4ger-Set war im April 2009 m\u00f6glich. Wir schafften es f\u00fcr 104,60 \u20ac an.<\/p>\n<ul class=\"et_post_gallery clearfix\">\n\t\t\t\t\t<li class=\"et_gallery_item et_pb_gallery_image\">\n\t\t\t\t\t\t<a href=\"https:\/\/www.neustadt-waldbad.de\/wp-content\/uploads\/2022\/05\/IMG_3557.jpg\" title=\"IMG_3557\">\n\t\t\t\t\t\t\t<span class=\"et_portfolio_image\">\n\t\t\t\t\t\t\t\t<img width=\"400\" height=\"284\" src=\"https:\/\/www.neustadt-waldbad.de\/wp-content\/uploads\/2022\/05\/IMG_3557-400x284.jpg\" class=\"attachment-et-pb-portfolio-image size-et-pb-portfolio-image\" alt=\"\" decoding=\"async\" loading=\"lazy\" \/>\n\t\t\t\t\t\t\t\t<span class=\"et_overlay\"><\/span>\n\t\t\t\t\t\t\t<\/span>\n\t\t\t\t\t\t<\/a>\n\t\t\t\t\t\t\n\t\t\t\t\t<\/li>\n\t\t\t\t<\/ul>\n<\/div>\n<\/div>\n<div class=\"csc-textpic-clear\"><\/div>\n<\/div>\n<p>[\/et_pb_toggle][et_pb_toggle title=&#8220;Volleyballnetz + Sand&#8220; _builder_version=&#8220;4.17.4&#8243; _module_preset=&#8220;default&#8220; hover_enabled=&#8220;0&#8243; global_colors_info=&#8220;{}&#8220; sticky_enabled=&#8220;0&#8243;]<\/p>\n<p class=\"bodytext\">Ein neues Volleyballnetz f\u00fcr unseren Beachvolleyballplatz konnte im Apri<\/p>\n<p class=\"bodytext\">l 2008 angeschafft werden. Die Kosten betrugen 94,00 \u20ac.<\/p>\n<p class=\"bodytext\">Den entsprechenden Sand f\u00fcr unsere Anlage konnten wir im Mai 2008 auff\u00fcllen. Die Kosten betrugen 178,50 \u20ac.<\/p>\n<p class=\"bodytext\">Erneut schafften wir ein Volleyballnetz im August 2010\u00a0 f\u00fcr 144,89 \u20ac an.<\/p>\n<ul class=\"et_post_gallery clearfix\">\n\t\t\t\t\t<li class=\"et_gallery_item et_pb_gallery_image\">\n\t\t\t\t\t\t<a href=\"https:\/\/www.neustadt-waldbad.de\/wp-content\/uploads\/2022\/05\/AE_13.05.06_d.jpg\" title=\"AE_13.05.06_d\">\n\t\t\t\t\t\t\t<span class=\"et_portfolio_image\">\n\t\t\t\t\t\t\t\t<img width=\"400\" height=\"284\" src=\"https:\/\/www.neustadt-waldbad.de\/wp-content\/uploads\/2022\/05\/AE_13.05.06_d-400x284.jpg\" class=\"attachment-et-pb-portfolio-image size-et-pb-portfolio-image\" alt=\"\" decoding=\"async\" loading=\"lazy\" \/>\n\t\t\t\t\t\t\t\t<span class=\"et_overlay\"><\/span>\n\t\t\t\t\t\t\t<\/span>\n\t\t\t\t\t\t<\/a>\n\t\t\t\t\t\t\n\t\t\t\t\t<\/li>\n\t\t\t\t<\/ul>\n<p>&nbsp;<\/p>\n<p>[\/et_pb_toggle][\/et_pb_column][\/et_pb_row][\/et_pb_section]<\/p>\n","protected":false},"excerpt":{"rendered":"<p>Unsere weiteren Ziele &amp; Projekte Auch nach der Sanierung des Beckenk\u00f6rpers werden wir in den n\u00e4chsten Jahren, als F\u00f6rderverein \u201eWaldbad Neustadt\u201c, unsere Arbeit weiterf\u00fchren. Wie Sie wissen, gibt es noch jede Menge zu tun. Weiterhin werden im Rahmen der n\u00e4chsten Kinderkleidungsbasare, bei der Weihnachtstombola und Anbaden am 01.01. Geld f\u00fcr\u00a0 die Sanierung des Kleinkinderbeckens sammeln.Wir [&hellip;]<\/p>\n","protected":false},"author":2,"featured_media":0,"parent":0,"menu_order":0,"comment_status":"closed","ping_status":"closed","template":"","meta":{"_et_pb_use_builder":"on","_et_pb_old_content":"","_et_gb_content_width":""},"_links":{"self":[{"href":"https:\/\/www.neustadt-waldbad.de\/index.php?rest_route=\/wp\/v2\/pages\/147"}],"collection":[{"href":"https:\/\/www.neustadt-waldbad.de\/index.php?rest_route=\/wp\/v2\/pages"}],"about":[{"href":"https:\/\/www.neustadt-waldbad.de\/index.php?rest_route=\/wp\/v2\/types\/page"}],"author":[{"embeddable":true,"href":"https:\/\/www.neustadt-waldbad.de\/index.php?rest_route=\/wp\/v2\/users\/2"}],"replies":[{"embeddable":true,"href":"https:\/\/www.neustadt-waldbad.de\/index.php?rest_route=%2Fwp%2Fv2%2Fcomments&post=147"}],"version-history":[{"count":13,"href":"https:\/\/www.neustadt-waldbad.de\/index.php?rest_route=\/wp\/v2\/pages\/147\/revisions"}],"predecessor-version":[{"id":3298,"href":"https:\/\/www.neustadt-waldbad.de\/index.php?rest_route=\/wp\/v2\/pages\/147\/revisions\/3298"}],"wp:attachment":[{"href":"https:\/\/www.neustadt-waldbad.de\/index.php?rest_route=%2Fwp%2Fv2%2Fmedia&parent=147"}],"curies":[{"name":"wp","href":"https:\/\/api.w.org\/{rel}","templated":true}]}}